{"id":1660,"date":"2021-03-04T12:11:10","date_gmt":"2021-03-04T11:11:10","guid":{"rendered":"http:\/\/elevagedudomainedaghan.com\/?page_id=1660"},"modified":"2021-09-14T11:38:56","modified_gmt":"2021-09-14T09:38:56","slug":"le-british","status":"publish","type":"page","link":"https:\/\/www.elevagedudomainedaghan.com\/en\/breeder-british-cats-shorthair-longhair\/le-british\/","title":{"rendered":"The British"},"content":{"rendered":"<div data-elementor-type=\"wp-page\" data-elementor-id=\"1660\" class=\"elementor elementor-1660\" data-elementor-post-type=\"page\">\n\t\t\t\t\t\t<section data-particle_enable=\"false\" data-particle-mobile-disabled=\"false\" class=\"elementor-section elementor-top-section elementor-element elementor-element-d89a454 elementor-section-boxed elementor-section-height-default elementor-section-height-default\" data-id=\"d89a454\" data-element_type=\"section\" data-e-type=\"section\" data-settings=\"{&quot;background_background&quot;:&quot;classic&quot;,&quot;shape_divider_top&quot;:&quot;opacity-fan&quot;}\">\n\t\t\t\t\t<div class=\"elementor-shape elementor-shape-top\" aria-hidden=\"true\" data-negative=\"false\">\n\t\t\t<svg xmlns=\"http:\/\/www.w3.org\/2000\/svg\" viewbox=\"0 0 283.5 19.6\" preserveaspectratio=\"none\">\n\t<path class=\"elementor-shape-fill\" style=\"opacity:0.33\" d=\"M0 0L0 18.8 141.8 4.1 283.5 18.8 283.5 0z\"\/>\n\t<path class=\"elementor-shape-fill\" style=\"opacity:0.33\" d=\"M0 0L0 12.6 141.8 4 283.5 12.6 283.5 0z\"\/>\n\t<path class=\"elementor-shape-fill\" style=\"opacity:0.33\" d=\"M0 0L0 6.4 141.8 4 283.5 6.4 283.5 0z\"\/>\n\t<path class=\"elementor-shape-fill\" d=\"M0 0L0 1.2 141.8 4 283.5 1.2 283.5 0z\"\/>\n<\/svg>\t\t<\/div>\n\t\t\t\t\t<div class=\"elementor-container elementor-column-gap-default\">\n\t\t\t\t\t<div class=\"elementor-column elementor-col-100 elementor-top-column elementor-element elementor-element-b5a4f58\" data-id=\"b5a4f58\" data-element_type=\"column\" data-e-type=\"column\">\n\t\t\t<div class=\"elementor-widget-wrap elementor-element-populated\">\n\t\t\t\t\t\t<div class=\"elementor-element elementor-element-cda5770 animated-slow elementor-widget elementor-widget-heading\" data-id=\"cda5770\" data-element_type=\"widget\" data-e-type=\"widget\" data-settings=\"{&quot;_animation&quot;:&quot;none&quot;,&quot;_animation_mobile&quot;:&quot;none&quot;}\" data-widget_type=\"heading.default\">\n\t\t\t\t<div class=\"elementor-widget-container\">\n\t\t\t\t\t<h1 class=\"elementor-heading-title elementor-size-default\">The British<\/h1>\t\t\t\t<\/div>\n\t\t\t\t<\/div>\n\t\t\t\t\t<\/div>\n\t\t<\/div>\n\t\t\t\t\t<\/div>\n\t\t<\/section>\n\t\t\t\t<section data-particle_enable=\"false\" data-particle-mobile-disabled=\"false\" class=\"elementor-section elementor-top-section elementor-element elementor-element-6c7c53b elementor-section-boxed elementor-section-height-default elementor-section-height-default\" data-id=\"6c7c53b\" data-element_type=\"section\" data-e-type=\"section\" data-settings=\"{&quot;background_background&quot;:&quot;classic&quot;,&quot;animation&quot;:&quot;none&quot;,&quot;animation_delay&quot;:1000}\">\n\t\t\t\t\t\t<div class=\"elementor-container elementor-column-gap-default\">\n\t\t\t\t\t<div class=\"elementor-column elementor-col-100 elementor-top-column elementor-element elementor-element-bffce7f\" data-id=\"bffce7f\" data-element_type=\"column\" data-e-type=\"column\">\n\t\t\t<div class=\"elementor-widget-wrap elementor-element-populated\">\n\t\t\t\t\t\t<div class=\"elementor-element elementor-element-16c0ac7 elementor-drop-cap-yes elementor-drop-cap-view-default elementor-invisible elementor-widget elementor-widget-text-editor\" data-id=\"16c0ac7\" data-element_type=\"widget\" data-e-type=\"widget\" data-settings=\"{&quot;drop_cap&quot;:&quot;yes&quot;,&quot;_animation&quot;:&quot;fadeIn&quot;}\" data-widget_type=\"text-editor.default\">\n\t\t\t\t<div class=\"elementor-widget-container\">\n\t\t\t\t\t\t\t\t\t<p>The British is a medium-sized cat with a powerful body. It has for cousins the Chartreux and the European. It is easily recognizable with its curves that give it the appearance of a teddy bear all fluffy. Calm and intelligent, the British is the ideal pet for all families. This cat is recognizable by its large round head with full cheeks and muscular neck. It has a short nose with curved, open nostrils. The British's eyes are also very round, although some lines are starting to bring in almond-shaped eyes, set wide apart. The eye color is always matched to the color of the British's coat. For example, a cat with a point coat (light body and darker tips), regardless of its base coat or pattern, will always have blue eyes.<br \/>The British shorthair originated in England. British breeders created this breed from scratch in the 19th century and by crossing their best specimens of these cats with longhairs, the Persians, they created the British Longhair. The shorthair was awarded for the first time in 1871 at the London Cat Show. Between the two wars, this breed almost completely disappeared but it was saved thanks to crossbreeding with Russian Blues and Chartreux. The British has thus regained its letters of nobility. Recognized in France since the end of the 1970's, it is now a very popular cat and more and more in demand.<\/p>\t\t\t\t\t\t\t\t<\/div>\n\t\t\t\t<\/div>\n\t\t\t\t<div class=\"elementor-element elementor-element-1b83b1b elementor-widget elementor-widget-image\" data-id=\"1b83b1b\" data-element_type=\"widget\" data-e-type=\"widget\" data-widget_type=\"image.default\">\n\t\t\t\t<div class=\"elementor-widget-container\">\n\t\t\t\t\t\t\t\t\t\t\t\t\t\t\t<img fetchpriority=\"high\" decoding=\"async\" width=\"768\" height=\"323\" src=\"https:\/\/www.elevagedudomainedaghan.com\/wp-content\/uploads\/2021\/03\/Romy-British-1-768x323.jpeg\" class=\"attachment-medium_large size-medium_large wp-image-2276\" alt=\"Romy lying in the veranda\" srcset=\"https:\/\/www.elevagedudomainedaghan.com\/wp-content\/uploads\/2021\/03\/Romy-British-1-768x323.jpeg.webp 768w, https:\/\/www.elevagedudomainedaghan.com\/wp-content\/uploads\/2021\/03\/Romy-British-1-300x126.jpeg.webp 300w, https:\/\/www.elevagedudomainedaghan.com\/wp-content\/uploads\/2021\/03\/Romy-British-1-1024x431.jpeg.webp 1024w, https:\/\/www.elevagedudomainedaghan.com\/wp-content\/uploads\/2021\/03\/Romy-British-1.jpeg.webp 1500w\" sizes=\"(max-width: 768px) 100vw, 768px\" \/>\t\t\t\t\t\t\t\t\t\t\t\t\t\t\t<\/div>\n\t\t\t\t<\/div>\n\t\t\t\t<div class=\"elementor-element elementor-element-6b64cbc elementor-drop-cap-yes elementor-drop-cap-view-default elementor-invisible elementor-widget elementor-widget-text-editor\" data-id=\"6b64cbc\" data-element_type=\"widget\" data-e-type=\"widget\" data-settings=\"{&quot;drop_cap&quot;:&quot;yes&quot;,&quot;_animation&quot;:&quot;fadeIn&quot;}\" data-widget_type=\"text-editor.default\">\n\t\t\t\t<div class=\"elementor-widget-container\">\n\t\t\t\t\t\t\t\t\t<p>Faithful to its ancestors great rat hunters, the British appreciates the great outdoors and freedom. The British is kind and reserved. Calm and peaceful, it is perfectly suited to a family with children with whom it loves to play. This cat is also very tolerant and easily accepts the presence of other cats or dogs. Very attached to its master, the British has a great need for tenderness. It is better to have enough time to devote to him.<\/p><p>If the British adapt well to life in an apartment, having a garden is always preferable because he likes to spend time outside. By nature a hunter, the British sometimes brings back prey. A few games at his disposal will allow him to fulfill this instinctive function.\u00a0<\/p><p>The British is a cat with a big appetite. It is necessary to watch carefully its food to avoid the embonpoint. To preserve its natural musculature, its diet must be rich in protein and low in fat.<\/p><p>The British is a cat with a robust health. However, his coat should be watched, especially if he goes outside a lot, because the British, with its dense coat, is sensitive to flea infestations.<\/p>\t\t\t\t\t\t\t\t<\/div>\n\t\t\t\t<\/div>\n\t\t\t\t\t<\/div>\n\t\t<\/div>\n\t\t\t\t\t<\/div>\n\t\t<\/section>\n\t\t\t\t<\/div>","protected":false},"excerpt":{"rendered":"<p>The British The British is a medium-sized cat with a powerful body. It has for cousins the Chartreux and the European. It is easily recognizable with its roundness that gives it the appearance of a teddy bear all fluffy. Calm and intelligent, the British is the ideal pet for all families. This cat is the perfect pet for any family.<\/p>","protected":false},"author":1,"featured_media":0,"parent":187,"menu_order":0,"comment_status":"closed","ping_status":"closed","template":"elementor_header_footer","meta":{"footnotes":""},"folder":[35],"class_list":["post-1660","page","type-page","status-publish","hentry"],"yoast_head":"<!-- This site is optimized with the Yoast SEO plugin v27.6 - https:\/\/yoast.com\/product\/yoast-seo-wordpress\/ -->\n<title>Le British shorthair, comportement, caract\u00e8re, conseils<\/title>\n<meta name=\"description\" content=\"Quelle est l&#039;origine du British shorthair ou longhair ? D\u00e9couvrez les caract\u00e9ristiques de ce chat &quot;so british&quot; aux traits si particulier.\" \/>\n<meta name=\"robots\" content=\"index, follow, max-snippet:-1, max-image-preview:large, max-video-preview:-1\" \/>\n<link rel=\"canonical\" href=\"https:\/\/www.elevagedudomainedaghan.com\/en\/breeder-british-cats-shorthair-longhair\/le-british\/\" \/>\n<meta property=\"og:locale\" content=\"en_US\" \/>\n<meta property=\"og:type\" content=\"article\" \/>\n<meta property=\"og:title\" content=\"Le British shorthair, comportement, caract\u00e8re, conseils\" \/>\n<meta property=\"og:description\" content=\"Quelle est l&#039;origine du British shorthair ou longhair ? D\u00e9couvrez les caract\u00e9ristiques de ce chat &quot;so british&quot; aux traits si particulier.\" \/>\n<meta property=\"og:url\" content=\"https:\/\/www.elevagedudomainedaghan.com\/en\/breeder-british-cats-shorthair-longhair\/le-british\/\" \/>\n<meta property=\"og:site_name\" content=\"\u00c9levage familial de British et de chevaux de sport de couleur\" \/>\n<meta property=\"article:publisher\" content=\"https:\/\/www.facebook.com\/LeDomainedAghan\/\" \/>\n<meta property=\"article:modified_time\" content=\"2021-09-14T09:38:56+00:00\" \/>\n<meta property=\"og:image\" content=\"http:\/\/elevagedudomainedaghan.com\/wp-content\/uploads\/2021\/03\/Romy-British-1-768x323.jpeg\" \/>\n<meta name=\"twitter:card\" content=\"summary_large_image\" \/>\n<meta name=\"twitter:label1\" content=\"Est. reading time\" \/>\n\t<meta name=\"twitter:data1\" content=\"3 minutes\" \/>\n<script type=\"application\/ld+json\" class=\"yoast-schema-graph\">{\"@context\":\"https:\\\/\\\/schema.org\",\"@graph\":[{\"@type\":\"WebPage\",\"@id\":\"https:\\\/\\\/www.elevagedudomainedaghan.com\\\/nos-british-shorthair-longhair\\\/le-british\\\/\",\"url\":\"https:\\\/\\\/www.elevagedudomainedaghan.com\\\/nos-british-shorthair-longhair\\\/le-british\\\/\",\"name\":\"Le British shorthair, comportement, caract\u00e8re, conseils\",\"isPartOf\":{\"@id\":\"https:\\\/\\\/www.elevagedudomainedaghan.com\\\/#website\"},\"primaryImageOfPage\":{\"@id\":\"https:\\\/\\\/www.elevagedudomainedaghan.com\\\/nos-british-shorthair-longhair\\\/le-british\\\/#primaryimage\"},\"image\":{\"@id\":\"https:\\\/\\\/www.elevagedudomainedaghan.com\\\/nos-british-shorthair-longhair\\\/le-british\\\/#primaryimage\"},\"thumbnailUrl\":\"http:\\\/\\\/elevagedudomainedaghan.com\\\/wp-content\\\/uploads\\\/2021\\\/03\\\/Romy-British-1-768x323.jpeg\",\"datePublished\":\"2021-03-04T11:11:10+00:00\",\"dateModified\":\"2021-09-14T09:38:56+00:00\",\"description\":\"Quelle est l'origine du British shorthair ou longhair ? D\u00e9couvrez les caract\u00e9ristiques de ce chat \\\"so british\\\" aux traits si particulier.\",\"breadcrumb\":{\"@id\":\"https:\\\/\\\/www.elevagedudomainedaghan.com\\\/nos-british-shorthair-longhair\\\/le-british\\\/#breadcrumb\"},\"inLanguage\":\"en-US\",\"potentialAction\":[{\"@type\":\"ReadAction\",\"target\":[\"https:\\\/\\\/www.elevagedudomainedaghan.com\\\/nos-british-shorthair-longhair\\\/le-british\\\/\"]}]},{\"@type\":\"ImageObject\",\"inLanguage\":\"en-US\",\"@id\":\"https:\\\/\\\/www.elevagedudomainedaghan.com\\\/nos-british-shorthair-longhair\\\/le-british\\\/#primaryimage\",\"url\":\"http:\\\/\\\/elevagedudomainedaghan.com\\\/wp-content\\\/uploads\\\/2021\\\/03\\\/Romy-British-1-768x323.jpeg\",\"contentUrl\":\"http:\\\/\\\/elevagedudomainedaghan.com\\\/wp-content\\\/uploads\\\/2021\\\/03\\\/Romy-British-1-768x323.jpeg\"},{\"@type\":\"BreadcrumbList\",\"@id\":\"https:\\\/\\\/www.elevagedudomainedaghan.com\\\/nos-british-shorthair-longhair\\\/le-british\\\/#breadcrumb\",\"itemListElement\":[{\"@type\":\"ListItem\",\"position\":1,\"name\":\"Accueil\",\"item\":\"https:\\\/\\\/www.elevagedudomainedaghan.com\\\/\"},{\"@type\":\"ListItem\",\"position\":2,\"name\":\"Nos British\",\"item\":\"https:\\\/\\\/www.elevagedudomainedaghan.com\\\/nos-british-shorthair-longhair\\\/\"},{\"@type\":\"ListItem\",\"position\":3,\"name\":\"Le British\"}]},{\"@type\":\"WebSite\",\"@id\":\"https:\\\/\\\/www.elevagedudomainedaghan.com\\\/#website\",\"url\":\"https:\\\/\\\/www.elevagedudomainedaghan.com\\\/\",\"name\":\"\u00c9levage familial de British et de chevaux de sport de couleur\",\"description\":\"Bienvenue au Domaine d\u2019Aghan, nous avons la chance de vivre notre passion avec nos British et nos chevaux. Le bien-\u00eatre animal est notre priorit\u00e9 au quotidien.\",\"publisher\":{\"@id\":\"https:\\\/\\\/www.elevagedudomainedaghan.com\\\/#organization\"},\"potentialAction\":[{\"@type\":\"SearchAction\",\"target\":{\"@type\":\"EntryPoint\",\"urlTemplate\":\"https:\\\/\\\/www.elevagedudomainedaghan.com\\\/?s={search_term_string}\"},\"query-input\":{\"@type\":\"PropertyValueSpecification\",\"valueRequired\":true,\"valueName\":\"search_term_string\"}}],\"inLanguage\":\"en-US\"},{\"@type\":\"Organization\",\"@id\":\"https:\\\/\\\/www.elevagedudomainedaghan.com\\\/#organization\",\"name\":\"Le Domaine d'Aghan\",\"url\":\"https:\\\/\\\/www.elevagedudomainedaghan.com\\\/\",\"logo\":{\"@type\":\"ImageObject\",\"inLanguage\":\"en-US\",\"@id\":\"https:\\\/\\\/www.elevagedudomainedaghan.com\\\/#\\\/schema\\\/logo\\\/image\\\/\",\"url\":\"http:\\\/\\\/elevagedudomainedaghan.com\\\/wp-content\\\/uploads\\\/2021\\\/03\\\/favicon.png\",\"contentUrl\":\"http:\\\/\\\/elevagedudomainedaghan.com\\\/wp-content\\\/uploads\\\/2021\\\/03\\\/favicon.png\",\"width\":256,\"height\":256,\"caption\":\"Le Domaine d'Aghan\"},\"image\":{\"@id\":\"https:\\\/\\\/www.elevagedudomainedaghan.com\\\/#\\\/schema\\\/logo\\\/image\\\/\"},\"sameAs\":[\"https:\\\/\\\/www.facebook.com\\\/LeDomainedAghan\\\/\",\"https:\\\/\\\/www.instagram.com\\\/ledomainedaghan\\\/\",\"https:\\\/\\\/www.youtube.com\\\/channel\\\/UCot5F-8J1Xed51Gs1X3K68w\"]}]}<\/script>\n<!-- \/ Yoast SEO plugin. -->","yoast_head_json":{"title":"The British shorthair, behavior, character, advice","description":"What is the origin of the British shorthair or longhair? Discover the characteristics of this \"so british\" cat with so particular features.","robots":{"index":"index","follow":"follow","max-snippet":"max-snippet:-1","max-image-preview":"max-image-preview:large","max-video-preview":"max-video-preview:-1"},"canonical":"https:\/\/www.elevagedudomainedaghan.com\/en\/breeder-british-cats-shorthair-longhair\/le-british\/","og_locale":"en_US","og_type":"article","og_title":"Le British shorthair, comportement, caract\u00e8re, conseils","og_description":"Quelle est l'origine du British shorthair ou longhair ? D\u00e9couvrez les caract\u00e9ristiques de ce chat \"so british\" aux traits si particulier.","og_url":"https:\/\/www.elevagedudomainedaghan.com\/en\/breeder-british-cats-shorthair-longhair\/le-british\/","og_site_name":"\u00c9levage familial de British et de chevaux de sport de couleur","article_publisher":"https:\/\/www.facebook.com\/LeDomainedAghan\/","article_modified_time":"2021-09-14T09:38:56+00:00","og_image":[{"url":"http:\/\/elevagedudomainedaghan.com\/wp-content\/uploads\/2021\/03\/Romy-British-1-768x323.jpeg","type":"","width":"","height":""}],"twitter_card":"summary_large_image","twitter_misc":{"Est. reading time":"3 minutes"},"schema":{"@context":"https:\/\/schema.org","@graph":[{"@type":"WebPage","@id":"https:\/\/www.elevagedudomainedaghan.com\/nos-british-shorthair-longhair\/le-british\/","url":"https:\/\/www.elevagedudomainedaghan.com\/nos-british-shorthair-longhair\/le-british\/","name":"The British shorthair, behavior, character, advice","isPartOf":{"@id":"https:\/\/www.elevagedudomainedaghan.com\/#website"},"primaryImageOfPage":{"@id":"https:\/\/www.elevagedudomainedaghan.com\/nos-british-shorthair-longhair\/le-british\/#primaryimage"},"image":{"@id":"https:\/\/www.elevagedudomainedaghan.com\/nos-british-shorthair-longhair\/le-british\/#primaryimage"},"thumbnailUrl":"http:\/\/elevagedudomainedaghan.com\/wp-content\/uploads\/2021\/03\/Romy-British-1-768x323.jpeg","datePublished":"2021-03-04T11:11:10+00:00","dateModified":"2021-09-14T09:38:56+00:00","description":"What is the origin of the British shorthair or longhair? Discover the characteristics of this \"so british\" cat with so particular features.","breadcrumb":{"@id":"https:\/\/www.elevagedudomainedaghan.com\/nos-british-shorthair-longhair\/le-british\/#breadcrumb"},"inLanguage":"en-US","potentialAction":[{"@type":"ReadAction","target":["https:\/\/www.elevagedudomainedaghan.com\/nos-british-shorthair-longhair\/le-british\/"]}]},{"@type":"ImageObject","inLanguage":"en-US","@id":"https:\/\/www.elevagedudomainedaghan.com\/nos-british-shorthair-longhair\/le-british\/#primaryimage","url":"http:\/\/elevagedudomainedaghan.com\/wp-content\/uploads\/2021\/03\/Romy-British-1-768x323.jpeg","contentUrl":"http:\/\/elevagedudomainedaghan.com\/wp-content\/uploads\/2021\/03\/Romy-British-1-768x323.jpeg"},{"@type":"BreadcrumbList","@id":"https:\/\/www.elevagedudomainedaghan.com\/nos-british-shorthair-longhair\/le-british\/#breadcrumb","itemListElement":[{"@type":"ListItem","position":1,"name":"Accueil","item":"https:\/\/www.elevagedudomainedaghan.com\/"},{"@type":"ListItem","position":2,"name":"Nos British","item":"https:\/\/www.elevagedudomainedaghan.com\/nos-british-shorthair-longhair\/"},{"@type":"ListItem","position":3,"name":"Le British"}]},{"@type":"WebSite","@id":"https:\/\/www.elevagedudomainedaghan.com\/#website","url":"https:\/\/www.elevagedudomainedaghan.com\/","name":"Stud farm of colored sport horses.","description":"Welcome to the Domaine d'Aghan, we are lucky enough to live our passion with our British and our horses. Animal welfare is our daily priority.","publisher":{"@id":"https:\/\/www.elevagedudomainedaghan.com\/#organization"},"potentialAction":[{"@type":"SearchAction","target":{"@type":"EntryPoint","urlTemplate":"https:\/\/www.elevagedudomainedaghan.com\/?s={search_term_string}"},"query-input":{"@type":"PropertyValueSpecification","valueRequired":true,"valueName":"search_term_string"}}],"inLanguage":"en-US"},{"@type":"Organization","@id":"https:\/\/www.elevagedudomainedaghan.com\/#organization","name":"Le Domaine d'Aghan","url":"https:\/\/www.elevagedudomainedaghan.com\/","logo":{"@type":"ImageObject","inLanguage":"en-US","@id":"https:\/\/www.elevagedudomainedaghan.com\/#\/schema\/logo\/image\/","url":"http:\/\/elevagedudomainedaghan.com\/wp-content\/uploads\/2021\/03\/favicon.png","contentUrl":"http:\/\/elevagedudomainedaghan.com\/wp-content\/uploads\/2021\/03\/favicon.png","width":256,"height":256,"caption":"Le Domaine d'Aghan"},"image":{"@id":"https:\/\/www.elevagedudomainedaghan.com\/#\/schema\/logo\/image\/"},"sameAs":["https:\/\/www.facebook.com\/LeDomainedAghan\/","https:\/\/www.instagram.com\/ledomainedaghan\/","https:\/\/www.youtube.com\/channel\/UCot5F-8J1Xed51Gs1X3K68w"]}]}},"_links":{"self":[{"href":"https:\/\/www.elevagedudomainedaghan.com\/en\/wp-json\/wp\/v2\/pages\/1660","targetHints":{"allow":["GET"]}}],"collection":[{"href":"https:\/\/www.elevagedudomainedaghan.com\/en\/wp-json\/wp\/v2\/pages"}],"about":[{"href":"https:\/\/www.elevagedudomainedaghan.com\/en\/wp-json\/wp\/v2\/types\/page"}],"author":[{"embeddable":true,"href":"https:\/\/www.elevagedudomainedaghan.com\/en\/wp-json\/wp\/v2\/users\/1"}],"replies":[{"embeddable":true,"href":"https:\/\/www.elevagedudomainedaghan.com\/en\/wp-json\/wp\/v2\/comments?post=1660"}],"version-history":[{"count":121,"href":"https:\/\/www.elevagedudomainedaghan.com\/en\/wp-json\/wp\/v2\/pages\/1660\/revisions"}],"predecessor-version":[{"id":22287,"href":"https:\/\/www.elevagedudomainedaghan.com\/en\/wp-json\/wp\/v2\/pages\/1660\/revisions\/22287"}],"up":[{"embeddable":true,"href":"https:\/\/www.elevagedudomainedaghan.com\/en\/wp-json\/wp\/v2\/pages\/187"}],"wp:attachment":[{"href":"https:\/\/www.elevagedudomainedaghan.com\/en\/wp-json\/wp\/v2\/media?parent=1660"}],"wp:term":[{"taxonomy":"folder","embeddable":true,"href":"https:\/\/www.elevagedudomainedaghan.com\/en\/wp-json\/wp\/v2\/folder?post=1660"}],"curies":[{"name":"wp","href":"https:\/\/api.w.org\/{rel}","templated":true}]}}