{"id":22291,"date":"2021-09-14T11:52:01","date_gmt":"2021-09-14T09:52:01","guid":{"rendered":"http:\/\/elevagedudomainedaghan.com\/?page_id=22291"},"modified":"2026-01-30T10:21:24","modified_gmt":"2026-01-30T09:21:24","slug":"nos-poulains","status":"publish","type":"page","link":"https:\/\/www.elevagedudomainedaghan.com\/en\/stud-farm-show-jumping-colored\/our-colored-foals\/","title":{"rendered":"All foals born at home"},"content":{"rendered":"<div data-elementor-type=\"wp-page\" data-elementor-id=\"22291\" class=\"elementor elementor-22291\" data-elementor-post-type=\"page\">\n\t\t\t\t\t\t<section data-particle_enable=\"false\" data-particle-mobile-disabled=\"false\" class=\"elementor-section elementor-top-section elementor-element elementor-element-d89a454 elementor-section-boxed elementor-section-height-default elementor-section-height-default\" data-id=\"d89a454\" data-element_type=\"section\" data-e-type=\"section\" data-settings=\"{&quot;background_background&quot;:&quot;classic&quot;,&quot;shape_divider_top&quot;:&quot;opacity-fan&quot;}\">\n\t\t\t\t\t<div class=\"elementor-shape elementor-shape-top\" aria-hidden=\"true\" data-negative=\"false\">\n\t\t\t<svg xmlns=\"http:\/\/www.w3.org\/2000\/svg\" viewbox=\"0 0 283.5 19.6\" preserveaspectratio=\"none\">\n\t<path class=\"elementor-shape-fill\" style=\"opacity:0.33\" d=\"M0 0L0 18.8 141.8 4.1 283.5 18.8 283.5 0z\"\/>\n\t<path class=\"elementor-shape-fill\" style=\"opacity:0.33\" d=\"M0 0L0 12.6 141.8 4 283.5 12.6 283.5 0z\"\/>\n\t<path class=\"elementor-shape-fill\" style=\"opacity:0.33\" d=\"M0 0L0 6.4 141.8 4 283.5 6.4 283.5 0z\"\/>\n\t<path class=\"elementor-shape-fill\" d=\"M0 0L0 1.2 141.8 4 283.5 1.2 283.5 0z\"\/>\n<\/svg>\t\t<\/div>\n\t\t\t\t\t<div class=\"elementor-container elementor-column-gap-default\">\n\t\t\t\t\t<div class=\"elementor-column elementor-col-100 elementor-top-column elementor-element elementor-element-b5a4f58\" data-id=\"b5a4f58\" data-element_type=\"column\" data-e-type=\"column\">\n\t\t\t<div class=\"elementor-widget-wrap elementor-element-populated\">\n\t\t\t\t\t\t<div class=\"elementor-element elementor-element-cda5770 animated-slow elementor-widget elementor-widget-heading\" data-id=\"cda5770\" data-element_type=\"widget\" data-e-type=\"widget\" data-settings=\"{&quot;_animation&quot;:&quot;none&quot;,&quot;_animation_mobile&quot;:&quot;none&quot;}\" data-widget_type=\"heading.default\">\n\t\t\t\t<div class=\"elementor-widget-container\">\n\t\t\t\t\t<h1 class=\"elementor-heading-title elementor-size-default\">Foals born here<\/h1>\t\t\t\t<\/div>\n\t\t\t\t<\/div>\n\t\t\t\t\t<\/div>\n\t\t<\/div>\n\t\t\t\t\t<\/div>\n\t\t<\/section>\n\t\t\t\t<section data-particle_enable=\"false\" data-particle-mobile-disabled=\"false\" class=\"elementor-section elementor-top-section elementor-element elementor-element-85e0ac5 elementor-section-full_width elementor-section-height-default elementor-section-height-default\" data-id=\"85e0ac5\" data-element_type=\"section\" data-e-type=\"section\" data-settings=\"{&quot;background_background&quot;:&quot;classic&quot;}\">\n\t\t\t\t\t\t<div class=\"elementor-container elementor-column-gap-default\">\n\t\t\t\t\t<div class=\"elementor-column elementor-col-100 elementor-top-column elementor-element elementor-element-726dcba\" data-id=\"726dcba\" data-element_type=\"column\" data-e-type=\"column\">\n\t\t\t<div class=\"elementor-widget-wrap elementor-element-populated\">\n\t\t\t\t\t\t<div class=\"elementor-element elementor-element-b67b60e elementor-cta--skin-classic elementor-animated-content elementor-bg-transform elementor-bg-transform-zoom-in elementor-widget elementor-widget-call-to-action\" data-id=\"b67b60e\" data-element_type=\"widget\" data-e-type=\"widget\" data-widget_type=\"call-to-action.default\">\n\t\t\t\t<div class=\"elementor-widget-container\">\n\t\t\t\t\t\t\t<a class=\"elementor-cta\" href=\"https:\/\/www.elevagedudomainedaghan.com\/en\/stud-farm-show-jumping-colored\/our-colored-foals\/foals-births-2025\/\">\n\t\t\t\t\t<div class=\"elementor-cta__bg-wrapper\">\n\t\t\t\t<div class=\"elementor-cta__bg elementor-bg\" style=\"background-image: url(https:\/\/www.elevagedudomainedaghan.com\/wp-content\/uploads\/2025\/04\/Poulains-2025.jpg);\" role=\"img\" aria-label=\"Foals 2025\"><\/div>\n\t\t\t\t<div class=\"elementor-cta__bg-overlay\"><\/div>\n\t\t\t<\/div>\n\t\t\t\t\t\t\t\t\t<div class=\"elementor-ribbon elementor-ribbon-left\">\n\t\t\t\t<div class=\"elementor-ribbon-inner\">\n\t\t\t\t\t2025\t\t\t\t<\/div>\n\t\t\t<\/div>\n\t\t\t\t<\/a>\n\t\t\t\t\t\t<\/div>\n\t\t\t\t<\/div>\n\t\t\t\t<div class=\"elementor-element elementor-element-e4dc4c2 elementor-cta--skin-classic elementor-animated-content elementor-bg-transform elementor-bg-transform-zoom-in elementor-widget elementor-widget-call-to-action\" data-id=\"e4dc4c2\" data-element_type=\"widget\" data-e-type=\"widget\" data-widget_type=\"call-to-action.default\">\n\t\t\t\t<div class=\"elementor-widget-container\">\n\t\t\t\t\t\t\t<a class=\"elementor-cta\" href=\"https:\/\/www.elevagedudomainedaghan.com\/en\/stud-farm-show-jumping-colored\/our-colored-foals\/foals-births-2024\/\">\n\t\t\t\t\t<div class=\"elementor-cta__bg-wrapper\">\n\t\t\t\t<div class=\"elementor-cta__bg elementor-bg\" style=\"background-image: url(https:\/\/www.elevagedudomainedaghan.com\/wp-content\/uploads\/2024\/09\/Poulains-2024.jpg);\" role=\"img\" aria-label=\"Foals 2024\"><\/div>\n\t\t\t\t<div class=\"elementor-cta__bg-overlay\"><\/div>\n\t\t\t<\/div>\n\t\t\t\t\t\t\t\t\t<div class=\"elementor-ribbon elementor-ribbon-left\">\n\t\t\t\t<div class=\"elementor-ribbon-inner\">\n\t\t\t\t\t2024\t\t\t\t<\/div>\n\t\t\t<\/div>\n\t\t\t\t<\/a>\n\t\t\t\t\t\t<\/div>\n\t\t\t\t<\/div>\n\t\t\t\t\t<\/div>\n\t\t<\/div>\n\t\t\t\t\t<\/div>\n\t\t<\/section>\n\t\t\t\t<section data-particle_enable=\"false\" data-particle-mobile-disabled=\"false\" class=\"elementor-section elementor-top-section elementor-element elementor-element-bb820aa elementor-section-full_width elementor-section-height-default elementor-section-height-default\" data-id=\"bb820aa\" data-element_type=\"section\" data-e-type=\"section\" data-settings=\"{&quot;background_background&quot;:&quot;classic&quot;}\">\n\t\t\t\t\t\t<div class=\"elementor-container elementor-column-gap-default\">\n\t\t\t\t\t<div class=\"elementor-column elementor-col-100 elementor-top-column elementor-element elementor-element-2e34a8a\" data-id=\"2e34a8a\" data-element_type=\"column\" data-e-type=\"column\">\n\t\t\t<div class=\"elementor-widget-wrap elementor-element-populated\">\n\t\t\t\t\t\t<div class=\"elementor-element elementor-element-58f91c9 elementor-cta--skin-classic elementor-animated-content elementor-bg-transform elementor-bg-transform-zoom-in elementor-widget elementor-widget-call-to-action\" data-id=\"58f91c9\" data-element_type=\"widget\" data-e-type=\"widget\" data-widget_type=\"call-to-action.default\">\n\t\t\t\t<div class=\"elementor-widget-container\">\n\t\t\t\t\t\t\t<a class=\"elementor-cta\" href=\"https:\/\/www.elevagedudomainedaghan.com\/en\/stud-farm-show-jumping-colored\/our-colored-foals\/foals-births-2023\/\">\n\t\t\t\t\t<div class=\"elementor-cta__bg-wrapper\">\n\t\t\t\t<div class=\"elementor-cta__bg elementor-bg\" style=\"background-image: url(https:\/\/www.elevagedudomainedaghan.com\/wp-content\/uploads\/2023\/04\/2023.jpg?ver=1685548773);\" role=\"img\" aria-label=\"Our foals 2023\"><\/div>\n\t\t\t\t<div class=\"elementor-cta__bg-overlay\"><\/div>\n\t\t\t<\/div>\n\t\t\t\t\t\t\t\t\t<div class=\"elementor-ribbon elementor-ribbon-left\">\n\t\t\t\t<div class=\"elementor-ribbon-inner\">\n\t\t\t\t\t2023\t\t\t\t<\/div>\n\t\t\t<\/div>\n\t\t\t\t<\/a>\n\t\t\t\t\t\t<\/div>\n\t\t\t\t<\/div>\n\t\t\t\t<div class=\"elementor-element elementor-element-fdd1ecd elementor-cta--skin-classic elementor-animated-content elementor-bg-transform elementor-bg-transform-zoom-in elementor-widget elementor-widget-call-to-action\" data-id=\"fdd1ecd\" data-element_type=\"widget\" data-e-type=\"widget\" data-widget_type=\"call-to-action.default\">\n\t\t\t\t<div class=\"elementor-widget-container\">\n\t\t\t\t\t\t\t<a class=\"elementor-cta\" href=\"https:\/\/www.elevagedudomainedaghan.com\/en\/stud-farm-show-jumping-colored\/our-colored-foals\/foals-births-2022\/\">\n\t\t\t\t\t<div class=\"elementor-cta__bg-wrapper\">\n\t\t\t\t<div class=\"elementor-cta__bg elementor-bg\" style=\"background-image: url(https:\/\/www.elevagedudomainedaghan.com\/wp-content\/uploads\/2023\/01\/2022b.jpg);\" role=\"img\" aria-label=\"Our foals 2022\"><\/div>\n\t\t\t\t<div class=\"elementor-cta__bg-overlay\"><\/div>\n\t\t\t<\/div>\n\t\t\t\t\t\t\t\t\t<div class=\"elementor-ribbon elementor-ribbon-left\">\n\t\t\t\t<div class=\"elementor-ribbon-inner\">\n\t\t\t\t\t2022\t\t\t\t<\/div>\n\t\t\t<\/div>\n\t\t\t\t<\/a>\n\t\t\t\t\t\t<\/div>\n\t\t\t\t<\/div>\n\t\t\t\t\t<\/div>\n\t\t<\/div>\n\t\t\t\t\t<\/div>\n\t\t<\/section>\n\t\t\t\t<section data-particle_enable=\"false\" data-particle-mobile-disabled=\"false\" class=\"elementor-section elementor-top-section elementor-element elementor-element-f167bf2 elementor-section-full_width elementor-section-height-default elementor-section-height-default\" data-id=\"f167bf2\" data-element_type=\"section\" data-e-type=\"section\" data-settings=\"{&quot;background_background&quot;:&quot;classic&quot;}\">\n\t\t\t\t\t\t<div class=\"elementor-container elementor-column-gap-default\">\n\t\t\t\t\t<div class=\"elementor-column elementor-col-100 elementor-top-column elementor-element elementor-element-05faf71\" data-id=\"05faf71\" data-element_type=\"column\" data-e-type=\"column\">\n\t\t\t<div class=\"elementor-widget-wrap elementor-element-populated\">\n\t\t\t\t\t\t<div class=\"elementor-element elementor-element-e78cce2 elementor-cta--skin-classic elementor-animated-content elementor-bg-transform elementor-bg-transform-zoom-in elementor-widget elementor-widget-call-to-action\" data-id=\"e78cce2\" data-element_type=\"widget\" data-e-type=\"widget\" data-widget_type=\"call-to-action.default\">\n\t\t\t\t<div class=\"elementor-widget-container\">\n\t\t\t\t\t\t\t<a class=\"elementor-cta\" href=\"https:\/\/www.elevagedudomainedaghan.com\/en\/stud-farm-show-jumping-colored\/our-colored-foals\/foals-births-2021\/\">\n\t\t\t\t\t<div class=\"elementor-cta__bg-wrapper\">\n\t\t\t\t<div class=\"elementor-cta__bg elementor-bg\" style=\"background-image: url(https:\/\/www.elevagedudomainedaghan.com\/wp-content\/uploads\/2021\/09\/2021.jpg);\" role=\"img\" aria-label=\"2021\"><\/div>\n\t\t\t\t<div class=\"elementor-cta__bg-overlay\"><\/div>\n\t\t\t<\/div>\n\t\t\t\t\t\t\t\t\t<div class=\"elementor-ribbon elementor-ribbon-left\">\n\t\t\t\t<div class=\"elementor-ribbon-inner\">\n\t\t\t\t\t2021\t\t\t\t<\/div>\n\t\t\t<\/div>\n\t\t\t\t<\/a>\n\t\t\t\t\t\t<\/div>\n\t\t\t\t<\/div>\n\t\t\t\t\t<\/div>\n\t\t<\/div>\n\t\t\t\t\t<\/div>\n\t\t<\/section>\n\t\t\t\t<\/div>","protected":false},"excerpt":{"rendered":"<p>Les poulains n\u00e9s au Domaine 2025 2024 2023 2022 2021<\/p>","protected":false},"author":1,"featured_media":22340,"parent":4966,"menu_order":0,"comment_status":"closed","ping_status":"closed","template":"elementor_header_footer","meta":{"footnotes":""},"folder":[36],"class_list":["post-22291","page","type-page","status-publish","has-post-thumbnail","hentry"],"yoast_head":"<!-- This site is optimized with the Yoast SEO plugin v27.6 - https:\/\/yoast.com\/product\/yoast-seo-wordpress\/ -->\n<title>Les poulains n\u00e9s au Domaine d&#039;Aghan, \u00e9levage de chevaux de sport<\/title>\n<meta name=\"description\" content=\"Retrouvez tous nos poulains de sport n\u00e9s \u00e0 l&#039;\u00e9levage.\" \/>\n<meta name=\"robots\" content=\"index, follow, max-snippet:-1, max-image-preview:large, max-video-preview:-1\" \/>\n<link rel=\"canonical\" href=\"https:\/\/www.elevagedudomainedaghan.com\/en\/stud-farm-show-jumping-colored\/our-colored-foals\/\" \/>\n<meta property=\"og:locale\" content=\"en_US\" \/>\n<meta property=\"og:type\" content=\"article\" \/>\n<meta property=\"og:title\" content=\"Les poulains n\u00e9s au Domaine d&#039;Aghan, \u00e9levage de chevaux de sport\" \/>\n<meta property=\"og:description\" content=\"Retrouvez tous nos poulains de sport n\u00e9s \u00e0 l&#039;\u00e9levage.\" \/>\n<meta property=\"og:url\" content=\"https:\/\/www.elevagedudomainedaghan.com\/en\/stud-farm-show-jumping-colored\/our-colored-foals\/\" \/>\n<meta property=\"og:site_name\" content=\"\u00c9levage familial de British et de chevaux de sport de couleur\" \/>\n<meta property=\"article:publisher\" content=\"https:\/\/www.facebook.com\/LeDomainedAghan\/\" \/>\n<meta property=\"article:modified_time\" content=\"2026-01-30T09:21:24+00:00\" \/>\n<meta property=\"og:image\" content=\"https:\/\/www.elevagedudomainedaghan.com\/wp-content\/uploads\/2021\/09\/L'as%20de%20coeur%20Aghan.jpg\" \/>\n\t<meta property=\"og:image:width\" content=\"700\" \/>\n\t<meta property=\"og:image:height\" content=\"495\" \/>\n\t<meta property=\"og:image:type\" content=\"image\/jpeg\" \/>\n<meta name=\"twitter:card\" content=\"summary_large_image\" \/>\n<meta name=\"twitter:label1\" content=\"Est. reading time\" \/>\n\t<meta name=\"twitter:data1\" content=\"1 minute\" \/>\n<script type=\"application\/ld+json\" class=\"yoast-schema-graph\">{\"@context\":\"https:\\\/\\\/schema.org\",\"@graph\":[{\"@type\":\"WebPage\",\"@id\":\"https:\\\/\\\/www.elevagedudomainedaghan.com\\\/nos-chevaux-de-sport-en-couleur\\\/nos-poulains\\\/\",\"url\":\"https:\\\/\\\/www.elevagedudomainedaghan.com\\\/nos-chevaux-de-sport-en-couleur\\\/nos-poulains\\\/\",\"name\":\"Les poulains n\u00e9s au Domaine d'Aghan, \u00e9levage de chevaux de sport\",\"isPartOf\":{\"@id\":\"https:\\\/\\\/www.elevagedudomainedaghan.com\\\/#website\"},\"primaryImageOfPage\":{\"@id\":\"https:\\\/\\\/www.elevagedudomainedaghan.com\\\/nos-chevaux-de-sport-en-couleur\\\/nos-poulains\\\/#primaryimage\"},\"image\":{\"@id\":\"https:\\\/\\\/www.elevagedudomainedaghan.com\\\/nos-chevaux-de-sport-en-couleur\\\/nos-poulains\\\/#primaryimage\"},\"thumbnailUrl\":\"https:\\\/\\\/www.elevagedudomainedaghan.com\\\/wp-content\\\/uploads\\\/2021\\\/09\\\/L'as de coeur Aghan.jpg\",\"datePublished\":\"2021-09-14T09:52:01+00:00\",\"dateModified\":\"2026-01-30T09:21:24+00:00\",\"description\":\"Retrouvez tous nos poulains de sport n\u00e9s \u00e0 l'\u00e9levage.\",\"breadcrumb\":{\"@id\":\"https:\\\/\\\/www.elevagedudomainedaghan.com\\\/nos-chevaux-de-sport-en-couleur\\\/nos-poulains\\\/#breadcrumb\"},\"inLanguage\":\"en-US\",\"potentialAction\":[{\"@type\":\"ReadAction\",\"target\":[\"https:\\\/\\\/www.elevagedudomainedaghan.com\\\/nos-chevaux-de-sport-en-couleur\\\/nos-poulains\\\/\"]}]},{\"@type\":\"ImageObject\",\"inLanguage\":\"en-US\",\"@id\":\"https:\\\/\\\/www.elevagedudomainedaghan.com\\\/nos-chevaux-de-sport-en-couleur\\\/nos-poulains\\\/#primaryimage\",\"url\":\"https:\\\/\\\/www.elevagedudomainedaghan.com\\\/wp-content\\\/uploads\\\/2021\\\/09\\\/L'as de coeur Aghan.jpg\",\"contentUrl\":\"https:\\\/\\\/www.elevagedudomainedaghan.com\\\/wp-content\\\/uploads\\\/2021\\\/09\\\/L'as de coeur Aghan.jpg\",\"width\":700,\"height\":495},{\"@type\":\"BreadcrumbList\",\"@id\":\"https:\\\/\\\/www.elevagedudomainedaghan.com\\\/nos-chevaux-de-sport-en-couleur\\\/nos-poulains\\\/#breadcrumb\",\"itemListElement\":[{\"@type\":\"ListItem\",\"position\":1,\"name\":\"Accueil\",\"item\":\"https:\\\/\\\/www.elevagedudomainedaghan.com\\\/\"},{\"@type\":\"ListItem\",\"position\":2,\"name\":\"Nos Chevaux de sport\",\"item\":\"https:\\\/\\\/www.elevagedudomainedaghan.com\\\/nos-chevaux-de-sport-en-couleur\\\/\"},{\"@type\":\"ListItem\",\"position\":3,\"name\":\"Tous les poulains n\u00e9s \u00e0 la maison\"}]},{\"@type\":\"WebSite\",\"@id\":\"https:\\\/\\\/www.elevagedudomainedaghan.com\\\/#website\",\"url\":\"https:\\\/\\\/www.elevagedudomainedaghan.com\\\/\",\"name\":\"\u00c9levage familial de British et de chevaux de sport de couleur\",\"description\":\"Bienvenue au Domaine d\u2019Aghan, nous avons la chance de vivre notre passion avec nos British et nos chevaux. Le bien-\u00eatre animal est notre priorit\u00e9 au quotidien.\",\"publisher\":{\"@id\":\"https:\\\/\\\/www.elevagedudomainedaghan.com\\\/#organization\"},\"potentialAction\":[{\"@type\":\"SearchAction\",\"target\":{\"@type\":\"EntryPoint\",\"urlTemplate\":\"https:\\\/\\\/www.elevagedudomainedaghan.com\\\/?s={search_term_string}\"},\"query-input\":{\"@type\":\"PropertyValueSpecification\",\"valueRequired\":true,\"valueName\":\"search_term_string\"}}],\"inLanguage\":\"en-US\"},{\"@type\":\"Organization\",\"@id\":\"https:\\\/\\\/www.elevagedudomainedaghan.com\\\/#organization\",\"name\":\"Le Domaine d'Aghan\",\"url\":\"https:\\\/\\\/www.elevagedudomainedaghan.com\\\/\",\"logo\":{\"@type\":\"ImageObject\",\"inLanguage\":\"en-US\",\"@id\":\"https:\\\/\\\/www.elevagedudomainedaghan.com\\\/#\\\/schema\\\/logo\\\/image\\\/\",\"url\":\"http:\\\/\\\/elevagedudomainedaghan.com\\\/wp-content\\\/uploads\\\/2021\\\/03\\\/favicon.png\",\"contentUrl\":\"http:\\\/\\\/elevagedudomainedaghan.com\\\/wp-content\\\/uploads\\\/2021\\\/03\\\/favicon.png\",\"width\":256,\"height\":256,\"caption\":\"Le Domaine d'Aghan\"},\"image\":{\"@id\":\"https:\\\/\\\/www.elevagedudomainedaghan.com\\\/#\\\/schema\\\/logo\\\/image\\\/\"},\"sameAs\":[\"https:\\\/\\\/www.facebook.com\\\/LeDomainedAghan\\\/\",\"https:\\\/\\\/www.instagram.com\\\/ledomainedaghan\\\/\",\"https:\\\/\\\/www.youtube.com\\\/channel\\\/UCot5F-8J1Xed51Gs1X3K68w\"]}]}<\/script>\n<!-- \/ Yoast SEO plugin. -->","yoast_head_json":{"title":"The foals born at the Domaine d'Aghan, breeding of sport horses","description":"Find all our sport foals born at the breeding.","robots":{"index":"index","follow":"follow","max-snippet":"max-snippet:-1","max-image-preview":"max-image-preview:large","max-video-preview":"max-video-preview:-1"},"canonical":"https:\/\/www.elevagedudomainedaghan.com\/en\/stud-farm-show-jumping-colored\/our-colored-foals\/","og_locale":"en_US","og_type":"article","og_title":"Les poulains n\u00e9s au Domaine d'Aghan, \u00e9levage de chevaux de sport","og_description":"Retrouvez tous nos poulains de sport n\u00e9s \u00e0 l'\u00e9levage.","og_url":"https:\/\/www.elevagedudomainedaghan.com\/en\/stud-farm-show-jumping-colored\/our-colored-foals\/","og_site_name":"\u00c9levage familial de British et de chevaux de sport de couleur","article_publisher":"https:\/\/www.facebook.com\/LeDomainedAghan\/","article_modified_time":"2026-01-30T09:21:24+00:00","og_image":[{"width":700,"height":495,"url":"https:\/\/www.elevagedudomainedaghan.com\/wp-content\/uploads\/2021\/09\/L'as de coeur Aghan.jpg","type":"image\/jpeg"}],"twitter_card":"summary_large_image","twitter_misc":{"Est. reading time":"1 minute"},"schema":{"@context":"https:\/\/schema.org","@graph":[{"@type":"WebPage","@id":"https:\/\/www.elevagedudomainedaghan.com\/nos-chevaux-de-sport-en-couleur\/nos-poulains\/","url":"https:\/\/www.elevagedudomainedaghan.com\/nos-chevaux-de-sport-en-couleur\/nos-poulains\/","name":"The foals born at the Domaine d'Aghan, breeding of sport horses","isPartOf":{"@id":"https:\/\/www.elevagedudomainedaghan.com\/#website"},"primaryImageOfPage":{"@id":"https:\/\/www.elevagedudomainedaghan.com\/nos-chevaux-de-sport-en-couleur\/nos-poulains\/#primaryimage"},"image":{"@id":"https:\/\/www.elevagedudomainedaghan.com\/nos-chevaux-de-sport-en-couleur\/nos-poulains\/#primaryimage"},"thumbnailUrl":"https:\/\/www.elevagedudomainedaghan.com\/wp-content\/uploads\/2021\/09\/L'as de coeur Aghan.jpg","datePublished":"2021-09-14T09:52:01+00:00","dateModified":"2026-01-30T09:21:24+00:00","description":"Find all our sport foals born at the breeding.","breadcrumb":{"@id":"https:\/\/www.elevagedudomainedaghan.com\/nos-chevaux-de-sport-en-couleur\/nos-poulains\/#breadcrumb"},"inLanguage":"en-US","potentialAction":[{"@type":"ReadAction","target":["https:\/\/www.elevagedudomainedaghan.com\/nos-chevaux-de-sport-en-couleur\/nos-poulains\/"]}]},{"@type":"ImageObject","inLanguage":"en-US","@id":"https:\/\/www.elevagedudomainedaghan.com\/nos-chevaux-de-sport-en-couleur\/nos-poulains\/#primaryimage","url":"https:\/\/www.elevagedudomainedaghan.com\/wp-content\/uploads\/2021\/09\/L'as de coeur Aghan.jpg","contentUrl":"https:\/\/www.elevagedudomainedaghan.com\/wp-content\/uploads\/2021\/09\/L'as de coeur Aghan.jpg","width":700,"height":495},{"@type":"BreadcrumbList","@id":"https:\/\/www.elevagedudomainedaghan.com\/nos-chevaux-de-sport-en-couleur\/nos-poulains\/#breadcrumb","itemListElement":[{"@type":"ListItem","position":1,"name":"Accueil","item":"https:\/\/www.elevagedudomainedaghan.com\/"},{"@type":"ListItem","position":2,"name":"Nos Chevaux de sport","item":"https:\/\/www.elevagedudomainedaghan.com\/nos-chevaux-de-sport-en-couleur\/"},{"@type":"ListItem","position":3,"name":"Tous les poulains n\u00e9s \u00e0 la maison"}]},{"@type":"WebSite","@id":"https:\/\/www.elevagedudomainedaghan.com\/#website","url":"https:\/\/www.elevagedudomainedaghan.com\/","name":"Stud farm of colored sport horses.","description":"Welcome to the Domaine d'Aghan, we are lucky enough to live our passion with our British and our horses. Animal welfare is our daily priority.","publisher":{"@id":"https:\/\/www.elevagedudomainedaghan.com\/#organization"},"potentialAction":[{"@type":"SearchAction","target":{"@type":"EntryPoint","urlTemplate":"https:\/\/www.elevagedudomainedaghan.com\/?s={search_term_string}"},"query-input":{"@type":"PropertyValueSpecification","valueRequired":true,"valueName":"search_term_string"}}],"inLanguage":"en-US"},{"@type":"Organization","@id":"https:\/\/www.elevagedudomainedaghan.com\/#organization","name":"Le Domaine d'Aghan","url":"https:\/\/www.elevagedudomainedaghan.com\/","logo":{"@type":"ImageObject","inLanguage":"en-US","@id":"https:\/\/www.elevagedudomainedaghan.com\/#\/schema\/logo\/image\/","url":"http:\/\/elevagedudomainedaghan.com\/wp-content\/uploads\/2021\/03\/favicon.png","contentUrl":"http:\/\/elevagedudomainedaghan.com\/wp-content\/uploads\/2021\/03\/favicon.png","width":256,"height":256,"caption":"Le Domaine d'Aghan"},"image":{"@id":"https:\/\/www.elevagedudomainedaghan.com\/#\/schema\/logo\/image\/"},"sameAs":["https:\/\/www.facebook.com\/LeDomainedAghan\/","https:\/\/www.instagram.com\/ledomainedaghan\/","https:\/\/www.youtube.com\/channel\/UCot5F-8J1Xed51Gs1X3K68w"]}]}},"_links":{"self":[{"href":"https:\/\/www.elevagedudomainedaghan.com\/en\/wp-json\/wp\/v2\/pages\/22291","targetHints":{"allow":["GET"]}}],"collection":[{"href":"https:\/\/www.elevagedudomainedaghan.com\/en\/wp-json\/wp\/v2\/pages"}],"about":[{"href":"https:\/\/www.elevagedudomainedaghan.com\/en\/wp-json\/wp\/v2\/types\/page"}],"author":[{"embeddable":true,"href":"https:\/\/www.elevagedudomainedaghan.com\/en\/wp-json\/wp\/v2\/users\/1"}],"replies":[{"embeddable":true,"href":"https:\/\/www.elevagedudomainedaghan.com\/en\/wp-json\/wp\/v2\/comments?post=22291"}],"version-history":[{"count":72,"href":"https:\/\/www.elevagedudomainedaghan.com\/en\/wp-json\/wp\/v2\/pages\/22291\/revisions"}],"predecessor-version":[{"id":34675,"href":"https:\/\/www.elevagedudomainedaghan.com\/en\/wp-json\/wp\/v2\/pages\/22291\/revisions\/34675"}],"up":[{"embeddable":true,"href":"https:\/\/www.elevagedudomainedaghan.com\/en\/wp-json\/wp\/v2\/pages\/4966"}],"wp:featuredmedia":[{"embeddable":true,"href":"https:\/\/www.elevagedudomainedaghan.com\/en\/wp-json\/wp\/v2\/media\/22340"}],"wp:attachment":[{"href":"https:\/\/www.elevagedudomainedaghan.com\/en\/wp-json\/wp\/v2\/media?parent=22291"}],"wp:term":[{"taxonomy":"folder","embeddable":true,"href":"https:\/\/www.elevagedudomainedaghan.com\/en\/wp-json\/wp\/v2\/folder?post=22291"}],"curies":[{"name":"wp","href":"https:\/\/api.w.org\/{rel}","templated":true}]}}