{"id":22332,"date":"2021-09-14T14:03:36","date_gmt":"2021-09-14T12:03:36","guid":{"rendered":"http:\/\/elevagedudomainedaghan.com\/?page_id=22332"},"modified":"2024-11-06T11:34:24","modified_gmt":"2024-11-06T10:34:24","slug":"naissances-2021","status":"publish","type":"page","link":"https:\/\/www.elevagedudomainedaghan.com\/en\/stud-farm-show-jumping-colored\/our-colored-foals\/foals-births-2021\/","title":{"rendered":"Our foals 2021"},"content":{"rendered":"<div data-elementor-type=\"wp-page\" data-elementor-id=\"22332\" class=\"elementor elementor-22332\" data-elementor-post-type=\"page\">\n\t\t\t\t\t\t<section data-particle_enable=\"false\" data-particle-mobile-disabled=\"false\" class=\"elementor-section elementor-top-section elementor-element elementor-element-d89a454 elementor-section-boxed elementor-section-height-default elementor-section-height-default\" data-id=\"d89a454\" data-element_type=\"section\" data-e-type=\"section\" data-settings=\"{&quot;background_background&quot;:&quot;classic&quot;,&quot;shape_divider_top&quot;:&quot;opacity-fan&quot;}\">\n\t\t\t\t\t<div class=\"elementor-shape elementor-shape-top\" aria-hidden=\"true\" data-negative=\"false\">\n\t\t\t<svg xmlns=\"http:\/\/www.w3.org\/2000\/svg\" viewbox=\"0 0 283.5 19.6\" preserveaspectratio=\"none\">\n\t<path class=\"elementor-shape-fill\" style=\"opacity:0.33\" d=\"M0 0L0 18.8 141.8 4.1 283.5 18.8 283.5 0z\"\/>\n\t<path class=\"elementor-shape-fill\" style=\"opacity:0.33\" d=\"M0 0L0 12.6 141.8 4 283.5 12.6 283.5 0z\"\/>\n\t<path class=\"elementor-shape-fill\" style=\"opacity:0.33\" d=\"M0 0L0 6.4 141.8 4 283.5 6.4 283.5 0z\"\/>\n\t<path class=\"elementor-shape-fill\" d=\"M0 0L0 1.2 141.8 4 283.5 1.2 283.5 0z\"\/>\n<\/svg>\t\t<\/div>\n\t\t\t\t\t<div class=\"elementor-container elementor-column-gap-default\">\n\t\t\t\t\t<div class=\"elementor-column elementor-col-100 elementor-top-column elementor-element elementor-element-b5a4f58\" data-id=\"b5a4f58\" data-element_type=\"column\" data-e-type=\"column\">\n\t\t\t<div class=\"elementor-widget-wrap elementor-element-populated\">\n\t\t\t\t\t\t<div class=\"elementor-element elementor-element-cda5770 animated-slow elementor-widget elementor-widget-heading\" data-id=\"cda5770\" data-element_type=\"widget\" data-e-type=\"widget\" data-settings=\"{&quot;_animation&quot;:&quot;none&quot;,&quot;_animation_mobile&quot;:&quot;none&quot;}\" data-widget_type=\"heading.default\">\n\t\t\t\t<div class=\"elementor-widget-container\">\n\t\t\t\t\t<h1 class=\"elementor-heading-title elementor-size-default\">Foals born in 2021<\/h1>\t\t\t\t<\/div>\n\t\t\t\t<\/div>\n\t\t\t\t\t<\/div>\n\t\t<\/div>\n\t\t\t\t\t<\/div>\n\t\t<\/section>\n\t\t\t\t<section data-particle_enable=\"false\" data-particle-mobile-disabled=\"false\" class=\"elementor-section elementor-top-section elementor-element elementor-element-6c7c53b elementor-section-boxed elementor-section-height-default elementor-section-height-default\" data-id=\"6c7c53b\" data-element_type=\"section\" data-e-type=\"section\" data-settings=\"{&quot;background_background&quot;:&quot;classic&quot;,&quot;animation&quot;:&quot;none&quot;,&quot;animation_delay&quot;:1000}\">\n\t\t\t\t\t\t<div class=\"elementor-container elementor-column-gap-default\">\n\t\t\t\t\t<div class=\"elementor-column elementor-col-100 elementor-top-column elementor-element elementor-element-bffce7f\" data-id=\"bffce7f\" data-element_type=\"column\" data-e-type=\"column\">\n\t\t\t<div class=\"elementor-widget-wrap elementor-element-populated\">\n\t\t\t\t\t\t<div class=\"elementor-element elementor-element-16c0ac7 elementor-drop-cap-yes elementor-drop-cap-view-default elementor-invisible elementor-widget elementor-widget-text-editor\" data-id=\"16c0ac7\" data-element_type=\"widget\" data-e-type=\"widget\" data-settings=\"{&quot;drop_cap&quot;:&quot;yes&quot;,&quot;_animation&quot;:&quot;fadeIn&quot;}\" data-widget_type=\"text-editor.default\">\n\t\t\t\t<div class=\"elementor-widget-container\">\n\t\t\t\t\t\t\t\t\t<p>After 4 years of waiting and projects, they are finally here. <br \/>The first foals of our breeding were born in May 2021. We are delighted and very happy to welcome these three wonders. <br \/>We hope that the years to come will be as beautiful and colorful as 2021.<\/p><p>You will find all the informations about them by clicking on their pictures.<\/p>\t\t\t\t\t\t\t\t<\/div>\n\t\t\t\t<\/div>\n\t\t\t\t\t<\/div>\n\t\t<\/div>\n\t\t\t\t\t<\/div>\n\t\t<\/section>\n\t\t\t\t<section data-particle_enable=\"false\" data-particle-mobile-disabled=\"false\" class=\"elementor-section elementor-top-section elementor-element elementor-element-b29b1e7 elementor-section-full_width elementor-section-height-default elementor-section-height-default\" data-id=\"b29b1e7\" data-element_type=\"section\" data-e-type=\"section\" data-settings=\"{&quot;background_background&quot;:&quot;classic&quot;}\">\n\t\t\t\t\t\t<div class=\"elementor-container elementor-column-gap-wide\">\n\t\t\t\t\t<div class=\"elementor-column elementor-col-33 elementor-top-column elementor-element elementor-element-60bb734\" data-id=\"60bb734\" data-element_type=\"column\" data-e-type=\"column\">\n\t\t\t<div class=\"elementor-widget-wrap elementor-element-populated\">\n\t\t\t\t\t\t<div class=\"elementor-element elementor-element-fe6323a elementor-widget elementor-widget-emage_hover_effects\" data-id=\"fe6323a\" data-element_type=\"widget\" data-e-type=\"widget\" data-widget_type=\"emage_hover_effects.default\">\n\t\t\t\t<div class=\"elementor-widget-container\">\n\t\t\t\t\t\r\n\t\t\t<div class=\"imghvr-wrapper\">\r\n\t\t\t\t<div class=\"imghvr\">\r\n\t\t\t\t\t\t\t\t\t\t<div class=\"imghvr-overlay imghvr-anim-border-reveal imghvr-anim-pseudo\">\r\n\t\t\t\t\t\t<div><\/div>\r\n\t\t\t\t\t<\/div>\r\n\t\t\t\t\t\t\t\t\t\t<div class=\"imghvr-content-wrapper imghvr-content-center imghvr-anim-zoom-in-alt\">\r\n\t\t\t\t\t\t\r\n\t\t\t<a href=\"https:\/\/www.elevagedudomainedaghan.com\/en\/stud-farm-show-jumping-colored\/our-colored-foals\/foals-births-2021\/luna-daghan\/\" class=\"imghvr-link\"><\/a>\r\n\r\n\t\t\t\t\t\t\t\t\t\r\n\t\t\t\t<div class=\"imghvr-title ih-delay-zero imghvr-anim-none\">L'Una d'Aghan<\/div>\r\n\r\n\t\t\t\t\r\n\t\t\t\t<div class=\"imghvr-subtitle ih-delay-xs imghvr-anim-none\">Sold in Italy<\/div>\r\n\r\n\t\t\t\t\t\t\t\t\t\t\t\t\t\t\t<\/div>\r\n\t\t\t\t\t<img fetchpriority=\"high\" decoding=\"async\" width=\"768\" height=\"543\" src=\"https:\/\/www.elevagedudomainedaghan.com\/wp-content\/uploads\/2021\/09\/LUna-dAghan-768x543.jpeg\" class=\"imghvr-anim-none imghvr-anim-blur attachment-medium_large size-medium_large wp-image-22321\" alt=\"\" srcset=\"https:\/\/www.elevagedudomainedaghan.com\/wp-content\/uploads\/2021\/09\/LUna-dAghan-768x543.jpeg 768w, https:\/\/www.elevagedudomainedaghan.com\/wp-content\/uploads\/2021\/09\/LUna-dAghan-300x212.jpeg 300w, https:\/\/www.elevagedudomainedaghan.com\/wp-content\/uploads\/2021\/09\/LUna-dAghan-1024x724.jpeg 1024w, https:\/\/www.elevagedudomainedaghan.com\/wp-content\/uploads\/2021\/09\/LUna-dAghan-1536x1087.jpeg 1536w, https:\/\/www.elevagedudomainedaghan.com\/wp-content\/uploads\/2021\/09\/LUna-dAghan.jpeg 1600w\" sizes=\"(max-width: 768px) 100vw, 768px\" \/>\t\t\t\t<\/div>\r\n\t\t\t<\/div>\r\n\r\n\t\t\t\t\t\t\t<\/div>\n\t\t\t\t<\/div>\n\t\t\t\t\t<\/div>\n\t\t<\/div>\n\t\t\t\t<div class=\"elementor-column elementor-col-33 elementor-top-column elementor-element elementor-element-b6f7a0c\" data-id=\"b6f7a0c\" data-element_type=\"column\" data-e-type=\"column\">\n\t\t\t<div class=\"elementor-widget-wrap elementor-element-populated\">\n\t\t\t\t\t\t<div class=\"elementor-element elementor-element-42d1f85 elementor-widget elementor-widget-emage_hover_effects\" data-id=\"42d1f85\" data-element_type=\"widget\" data-e-type=\"widget\" data-widget_type=\"emage_hover_effects.default\">\n\t\t\t\t<div class=\"elementor-widget-container\">\n\t\t\t\t\t\r\n\t\t\t<div class=\"imghvr-wrapper\">\r\n\t\t\t\t<div class=\"imghvr\">\r\n\t\t\t\t\t\t\t\t\t\t<div class=\"imghvr-overlay imghvr-anim-border-reveal imghvr-anim-pseudo\">\r\n\t\t\t\t\t\t<div><\/div>\r\n\t\t\t\t\t<\/div>\r\n\t\t\t\t\t\t\t\t\t\t<div class=\"imghvr-content-wrapper imghvr-content-center imghvr-anim-zoom-in-alt\">\r\n\t\t\t\t\t\t\r\n\t\t\t<a href=\"https:\/\/www.elevagedudomainedaghan.com\/en\/stud-farm-show-jumping-colored\/our-colored-foals\/foals-births-2021\/las-de-coeur-daghan\/\" class=\"imghvr-link\"><\/a>\r\n\r\n\t\t\t\t\t\t\t\t\t\r\n\t\t\t\t<div class=\"imghvr-title ih-delay-zero imghvr-anim-none\">L'As de Coeur d'Aghan<\/div>\r\n\r\n\t\t\t\t\r\n\t\t\t\t<div class=\"imghvr-subtitle ih-delay-xs imghvr-anim-none\">For Sale<\/div>\r\n\r\n\t\t\t\t\t\t\t\t\t\t\t\t\t\t\t<\/div>\r\n\t\t\t\t\t<img decoding=\"async\" width=\"768\" height=\"510\" src=\"https:\/\/www.elevagedudomainedaghan.com\/wp-content\/uploads\/2021\/09\/IGP1668-768x510.jpg\" class=\"imghvr-anim-none imghvr-anim-blur attachment-medium_large size-medium_large wp-image-22398\" alt=\"\" srcset=\"https:\/\/www.elevagedudomainedaghan.com\/wp-content\/uploads\/2021\/09\/IGP1668-768x510.jpg 768w, https:\/\/www.elevagedudomainedaghan.com\/wp-content\/uploads\/2021\/09\/IGP1668-300x199.jpg 300w, https:\/\/www.elevagedudomainedaghan.com\/wp-content\/uploads\/2021\/09\/IGP1668-1024x680.jpg 1024w, https:\/\/www.elevagedudomainedaghan.com\/wp-content\/uploads\/2021\/09\/IGP1668-1536x1020.jpg 1536w, https:\/\/www.elevagedudomainedaghan.com\/wp-content\/uploads\/2021\/09\/IGP1668.jpg 2000w\" sizes=\"(max-width: 768px) 100vw, 768px\" \/>\t\t\t\t<\/div>\r\n\t\t\t<\/div>\r\n\r\n\t\t\t\t\t\t\t<\/div>\n\t\t\t\t<\/div>\n\t\t\t\t\t<\/div>\n\t\t<\/div>\n\t\t\t\t<div class=\"elementor-column elementor-col-33 elementor-top-column elementor-element elementor-element-6afb037\" data-id=\"6afb037\" data-element_type=\"column\" data-e-type=\"column\">\n\t\t\t<div class=\"elementor-widget-wrap elementor-element-populated\">\n\t\t\t\t\t\t<div class=\"elementor-element elementor-element-c8b7675 elementor-widget elementor-widget-emage_hover_effects\" data-id=\"c8b7675\" data-element_type=\"widget\" data-e-type=\"widget\" data-widget_type=\"emage_hover_effects.default\">\n\t\t\t\t<div class=\"elementor-widget-container\">\n\t\t\t\t\t\r\n\t\t\t<div class=\"imghvr-wrapper\">\r\n\t\t\t\t<div class=\"imghvr\">\r\n\t\t\t\t\t\t\t\t\t\t<div class=\"imghvr-overlay imghvr-anim-border-reveal imghvr-anim-pseudo\">\r\n\t\t\t\t\t\t<div><\/div>\r\n\t\t\t\t\t<\/div>\r\n\t\t\t\t\t\t\t\t\t\t<div class=\"imghvr-content-wrapper imghvr-content-center imghvr-anim-zoom-in-alt\">\r\n\t\t\t\t\t\t\r\n\t\t\t<a href=\"https:\/\/www.elevagedudomainedaghan.com\/en\/stud-farm-show-jumping-colored\/our-colored-foals\/foals-births-2021\/lyra-daghan\/\" class=\"imghvr-link\"><\/a>\r\n\r\n\t\t\t\t\t\t\t\t\t\r\n\t\t\t\t<div class=\"imghvr-title ih-delay-zero imghvr-anim-none\">Lyra d'Aghan<\/div>\r\n\r\n\t\t\t\t\r\n\t\t\t\t<div class=\"imghvr-subtitle ih-delay-xs imghvr-anim-none\">Sold in Mexico<\/div>\r\n\r\n\t\t\t\t\t\t\t\t\t\t\t\t\t\t\t<\/div>\r\n\t\t\t\t\t<img decoding=\"async\" width=\"768\" height=\"526\" src=\"https:\/\/www.elevagedudomainedaghan.com\/wp-content\/uploads\/2021\/09\/Lyra-768x526.jpeg\" class=\"imghvr-anim-none imghvr-anim-blur attachment-medium_large size-medium_large wp-image-22341\" alt=\"\" srcset=\"https:\/\/www.elevagedudomainedaghan.com\/wp-content\/uploads\/2021\/09\/Lyra-768x526.jpeg 768w, https:\/\/www.elevagedudomainedaghan.com\/wp-content\/uploads\/2021\/09\/Lyra-300x206.jpeg 300w, https:\/\/www.elevagedudomainedaghan.com\/wp-content\/uploads\/2021\/09\/Lyra-1024x702.jpeg 1024w, https:\/\/www.elevagedudomainedaghan.com\/wp-content\/uploads\/2021\/09\/Lyra.jpeg 1080w\" sizes=\"(max-width: 768px) 100vw, 768px\" \/>\t\t\t\t<\/div>\r\n\t\t\t<\/div>\r\n\r\n\t\t\t\t\t\t\t<\/div>\n\t\t\t\t<\/div>\n\t\t\t\t\t<\/div>\n\t\t<\/div>\n\t\t\t\t\t<\/div>\n\t\t<\/section>\n\t\t\t\t<\/div>","protected":false},"excerpt":{"rendered":"<p>The foals born in 2021 After 4 years of waiting and projects, they are finally here. The first three foals of our breeding were born in May 2021. We are delighted and very happy to have had the chance to give birth to these three wonders. We hope that the years to come will bring us [...]<\/p>","protected":false},"author":1,"featured_media":25429,"parent":22291,"menu_order":0,"comment_status":"closed","ping_status":"closed","template":"elementor_header_footer","meta":{"footnotes":""},"folder":[36],"class_list":["post-22332","page","type-page","status-publish","has-post-thumbnail","hentry"],"yoast_head":"<!-- This site is optimized with the Yoast SEO plugin v27.6 - https:\/\/yoast.com\/product\/yoast-seo-wordpress\/ -->\n<title>Les poulains n\u00e9s aux Domaine d&#039;Aghan en 2021<\/title>\n<meta name=\"description\" content=\"Retrouvez les poulains n\u00e9s en 2021 dans notre \u00e9levage de chevaux de sport en couleurs.\" \/>\n<meta name=\"robots\" content=\"index, follow, max-snippet:-1, max-image-preview:large, max-video-preview:-1\" \/>\n<link rel=\"canonical\" href=\"https:\/\/www.elevagedudomainedaghan.com\/en\/stud-farm-show-jumping-colored\/our-colored-foals\/foals-births-2021\/\" \/>\n<meta property=\"og:locale\" content=\"en_US\" \/>\n<meta property=\"og:type\" content=\"article\" \/>\n<meta property=\"og:title\" content=\"Les poulains n\u00e9s aux Domaine d&#039;Aghan en 2021\" \/>\n<meta property=\"og:description\" content=\"Retrouvez les poulains n\u00e9s en 2021 dans notre \u00e9levage de chevaux de sport en couleurs.\" \/>\n<meta property=\"og:url\" content=\"https:\/\/www.elevagedudomainedaghan.com\/en\/stud-farm-show-jumping-colored\/our-colored-foals\/foals-births-2021\/\" \/>\n<meta property=\"og:site_name\" content=\"\u00c9levage familial de British et de chevaux de sport de couleur\" \/>\n<meta property=\"article:publisher\" content=\"https:\/\/www.facebook.com\/LeDomainedAghan\/\" \/>\n<meta property=\"article:modified_time\" content=\"2024-11-06T10:34:24+00:00\" \/>\n<meta property=\"og:image\" content=\"https:\/\/www.elevagedudomainedaghan.com\/wp-content\/uploads\/2022\/03\/LUna-de-cote.jpg\" \/>\n\t<meta property=\"og:image:width\" content=\"355\" \/>\n\t<meta property=\"og:image:height\" content=\"397\" \/>\n\t<meta property=\"og:image:type\" content=\"image\/jpeg\" \/>\n<meta name=\"twitter:card\" content=\"summary_large_image\" \/>\n<meta name=\"twitter:label1\" content=\"Est. reading time\" \/>\n\t<meta name=\"twitter:data1\" content=\"2 minutes\" \/>\n<script type=\"application\/ld+json\" class=\"yoast-schema-graph\">{\"@context\":\"https:\\\/\\\/schema.org\",\"@graph\":[{\"@type\":\"WebPage\",\"@id\":\"https:\\\/\\\/www.elevagedudomainedaghan.com\\\/nos-chevaux-de-sport-en-couleur\\\/nos-poulains\\\/naissances-2021\\\/\",\"url\":\"https:\\\/\\\/www.elevagedudomainedaghan.com\\\/nos-chevaux-de-sport-en-couleur\\\/nos-poulains\\\/naissances-2021\\\/\",\"name\":\"Les poulains n\u00e9s aux Domaine d'Aghan en 2021\",\"isPartOf\":{\"@id\":\"https:\\\/\\\/www.elevagedudomainedaghan.com\\\/#website\"},\"primaryImageOfPage\":{\"@id\":\"https:\\\/\\\/www.elevagedudomainedaghan.com\\\/nos-chevaux-de-sport-en-couleur\\\/nos-poulains\\\/naissances-2021\\\/#primaryimage\"},\"image\":{\"@id\":\"https:\\\/\\\/www.elevagedudomainedaghan.com\\\/nos-chevaux-de-sport-en-couleur\\\/nos-poulains\\\/naissances-2021\\\/#primaryimage\"},\"thumbnailUrl\":\"https:\\\/\\\/www.elevagedudomainedaghan.com\\\/wp-content\\\/uploads\\\/2022\\\/03\\\/LUna-de-cote.jpg\",\"datePublished\":\"2021-09-14T12:03:36+00:00\",\"dateModified\":\"2024-11-06T10:34:24+00:00\",\"description\":\"Retrouvez les poulains n\u00e9s en 2021 dans notre \u00e9levage de chevaux de sport en couleurs.\",\"breadcrumb\":{\"@id\":\"https:\\\/\\\/www.elevagedudomainedaghan.com\\\/nos-chevaux-de-sport-en-couleur\\\/nos-poulains\\\/naissances-2021\\\/#breadcrumb\"},\"inLanguage\":\"en-US\",\"potentialAction\":[{\"@type\":\"ReadAction\",\"target\":[\"https:\\\/\\\/www.elevagedudomainedaghan.com\\\/nos-chevaux-de-sport-en-couleur\\\/nos-poulains\\\/naissances-2021\\\/\"]}]},{\"@type\":\"ImageObject\",\"inLanguage\":\"en-US\",\"@id\":\"https:\\\/\\\/www.elevagedudomainedaghan.com\\\/nos-chevaux-de-sport-en-couleur\\\/nos-poulains\\\/naissances-2021\\\/#primaryimage\",\"url\":\"https:\\\/\\\/www.elevagedudomainedaghan.com\\\/wp-content\\\/uploads\\\/2022\\\/03\\\/LUna-de-cote.jpg\",\"contentUrl\":\"https:\\\/\\\/www.elevagedudomainedaghan.com\\\/wp-content\\\/uploads\\\/2022\\\/03\\\/LUna-de-cote.jpg\",\"width\":355,\"height\":397,\"caption\":\"L'Una d'Aghan dans le pr\u00e9\"},{\"@type\":\"BreadcrumbList\",\"@id\":\"https:\\\/\\\/www.elevagedudomainedaghan.com\\\/nos-chevaux-de-sport-en-couleur\\\/nos-poulains\\\/naissances-2021\\\/#breadcrumb\",\"itemListElement\":[{\"@type\":\"ListItem\",\"position\":1,\"name\":\"Accueil\",\"item\":\"https:\\\/\\\/www.elevagedudomainedaghan.com\\\/\"},{\"@type\":\"ListItem\",\"position\":2,\"name\":\"Nos Chevaux de sport\",\"item\":\"https:\\\/\\\/www.elevagedudomainedaghan.com\\\/nos-chevaux-de-sport-en-couleur\\\/\"},{\"@type\":\"ListItem\",\"position\":3,\"name\":\"Tous les poulains n\u00e9s \u00e0 la maison\",\"item\":\"https:\\\/\\\/www.elevagedudomainedaghan.com\\\/nos-chevaux-de-sport-en-couleur\\\/nos-poulains\\\/\"},{\"@type\":\"ListItem\",\"position\":4,\"name\":\"Nos poulains 2021\"}]},{\"@type\":\"WebSite\",\"@id\":\"https:\\\/\\\/www.elevagedudomainedaghan.com\\\/#website\",\"url\":\"https:\\\/\\\/www.elevagedudomainedaghan.com\\\/\",\"name\":\"\u00c9levage familial de British et de chevaux de sport de couleur\",\"description\":\"Bienvenue au Domaine d\u2019Aghan, nous avons la chance de vivre notre passion avec nos British et nos chevaux. Le bien-\u00eatre animal est notre priorit\u00e9 au quotidien.\",\"publisher\":{\"@id\":\"https:\\\/\\\/www.elevagedudomainedaghan.com\\\/#organization\"},\"potentialAction\":[{\"@type\":\"SearchAction\",\"target\":{\"@type\":\"EntryPoint\",\"urlTemplate\":\"https:\\\/\\\/www.elevagedudomainedaghan.com\\\/?s={search_term_string}\"},\"query-input\":{\"@type\":\"PropertyValueSpecification\",\"valueRequired\":true,\"valueName\":\"search_term_string\"}}],\"inLanguage\":\"en-US\"},{\"@type\":\"Organization\",\"@id\":\"https:\\\/\\\/www.elevagedudomainedaghan.com\\\/#organization\",\"name\":\"Le Domaine d'Aghan\",\"url\":\"https:\\\/\\\/www.elevagedudomainedaghan.com\\\/\",\"logo\":{\"@type\":\"ImageObject\",\"inLanguage\":\"en-US\",\"@id\":\"https:\\\/\\\/www.elevagedudomainedaghan.com\\\/#\\\/schema\\\/logo\\\/image\\\/\",\"url\":\"http:\\\/\\\/elevagedudomainedaghan.com\\\/wp-content\\\/uploads\\\/2021\\\/03\\\/favicon.png\",\"contentUrl\":\"http:\\\/\\\/elevagedudomainedaghan.com\\\/wp-content\\\/uploads\\\/2021\\\/03\\\/favicon.png\",\"width\":256,\"height\":256,\"caption\":\"Le Domaine d'Aghan\"},\"image\":{\"@id\":\"https:\\\/\\\/www.elevagedudomainedaghan.com\\\/#\\\/schema\\\/logo\\\/image\\\/\"},\"sameAs\":[\"https:\\\/\\\/www.facebook.com\\\/LeDomainedAghan\\\/\",\"https:\\\/\\\/www.instagram.com\\\/ledomainedaghan\\\/\",\"https:\\\/\\\/www.youtube.com\\\/channel\\\/UCot5F-8J1Xed51Gs1X3K68w\"]}]}<\/script>\n<!-- \/ Yoast SEO plugin. -->","yoast_head_json":{"title":"Foals born to the Aghan Domain in 2021","description":"Find the foals born in 2021 in our stud of sport horses in colors.","robots":{"index":"index","follow":"follow","max-snippet":"max-snippet:-1","max-image-preview":"max-image-preview:large","max-video-preview":"max-video-preview:-1"},"canonical":"https:\/\/www.elevagedudomainedaghan.com\/en\/stud-farm-show-jumping-colored\/our-colored-foals\/foals-births-2021\/","og_locale":"en_US","og_type":"article","og_title":"Les poulains n\u00e9s aux Domaine d'Aghan en 2021","og_description":"Retrouvez les poulains n\u00e9s en 2021 dans notre \u00e9levage de chevaux de sport en couleurs.","og_url":"https:\/\/www.elevagedudomainedaghan.com\/en\/stud-farm-show-jumping-colored\/our-colored-foals\/foals-births-2021\/","og_site_name":"\u00c9levage familial de British et de chevaux de sport de couleur","article_publisher":"https:\/\/www.facebook.com\/LeDomainedAghan\/","article_modified_time":"2024-11-06T10:34:24+00:00","og_image":[{"width":355,"height":397,"url":"https:\/\/www.elevagedudomainedaghan.com\/wp-content\/uploads\/2022\/03\/LUna-de-cote.jpg","type":"image\/jpeg"}],"twitter_card":"summary_large_image","twitter_misc":{"Est. reading time":"2 minutes"},"schema":{"@context":"https:\/\/schema.org","@graph":[{"@type":"WebPage","@id":"https:\/\/www.elevagedudomainedaghan.com\/nos-chevaux-de-sport-en-couleur\/nos-poulains\/naissances-2021\/","url":"https:\/\/www.elevagedudomainedaghan.com\/nos-chevaux-de-sport-en-couleur\/nos-poulains\/naissances-2021\/","name":"Foals born to the Aghan Domain in 2021","isPartOf":{"@id":"https:\/\/www.elevagedudomainedaghan.com\/#website"},"primaryImageOfPage":{"@id":"https:\/\/www.elevagedudomainedaghan.com\/nos-chevaux-de-sport-en-couleur\/nos-poulains\/naissances-2021\/#primaryimage"},"image":{"@id":"https:\/\/www.elevagedudomainedaghan.com\/nos-chevaux-de-sport-en-couleur\/nos-poulains\/naissances-2021\/#primaryimage"},"thumbnailUrl":"https:\/\/www.elevagedudomainedaghan.com\/wp-content\/uploads\/2022\/03\/LUna-de-cote.jpg","datePublished":"2021-09-14T12:03:36+00:00","dateModified":"2024-11-06T10:34:24+00:00","description":"Find the foals born in 2021 in our stud of sport horses in colors.","breadcrumb":{"@id":"https:\/\/www.elevagedudomainedaghan.com\/nos-chevaux-de-sport-en-couleur\/nos-poulains\/naissances-2021\/#breadcrumb"},"inLanguage":"en-US","potentialAction":[{"@type":"ReadAction","target":["https:\/\/www.elevagedudomainedaghan.com\/nos-chevaux-de-sport-en-couleur\/nos-poulains\/naissances-2021\/"]}]},{"@type":"ImageObject","inLanguage":"en-US","@id":"https:\/\/www.elevagedudomainedaghan.com\/nos-chevaux-de-sport-en-couleur\/nos-poulains\/naissances-2021\/#primaryimage","url":"https:\/\/www.elevagedudomainedaghan.com\/wp-content\/uploads\/2022\/03\/LUna-de-cote.jpg","contentUrl":"https:\/\/www.elevagedudomainedaghan.com\/wp-content\/uploads\/2022\/03\/LUna-de-cote.jpg","width":355,"height":397,"caption":"L'Una d'Aghan dans le pr\u00e9"},{"@type":"BreadcrumbList","@id":"https:\/\/www.elevagedudomainedaghan.com\/nos-chevaux-de-sport-en-couleur\/nos-poulains\/naissances-2021\/#breadcrumb","itemListElement":[{"@type":"ListItem","position":1,"name":"Accueil","item":"https:\/\/www.elevagedudomainedaghan.com\/"},{"@type":"ListItem","position":2,"name":"Nos Chevaux de sport","item":"https:\/\/www.elevagedudomainedaghan.com\/nos-chevaux-de-sport-en-couleur\/"},{"@type":"ListItem","position":3,"name":"Tous les poulains n\u00e9s \u00e0 la maison","item":"https:\/\/www.elevagedudomainedaghan.com\/nos-chevaux-de-sport-en-couleur\/nos-poulains\/"},{"@type":"ListItem","position":4,"name":"Nos poulains 2021"}]},{"@type":"WebSite","@id":"https:\/\/www.elevagedudomainedaghan.com\/#website","url":"https:\/\/www.elevagedudomainedaghan.com\/","name":"Stud farm of colored sport horses.","description":"Welcome to the Domaine d'Aghan, we are lucky enough to live our passion with our British and our horses. Animal welfare is our daily priority.","publisher":{"@id":"https:\/\/www.elevagedudomainedaghan.com\/#organization"},"potentialAction":[{"@type":"SearchAction","target":{"@type":"EntryPoint","urlTemplate":"https:\/\/www.elevagedudomainedaghan.com\/?s={search_term_string}"},"query-input":{"@type":"PropertyValueSpecification","valueRequired":true,"valueName":"search_term_string"}}],"inLanguage":"en-US"},{"@type":"Organization","@id":"https:\/\/www.elevagedudomainedaghan.com\/#organization","name":"Le Domaine d'Aghan","url":"https:\/\/www.elevagedudomainedaghan.com\/","logo":{"@type":"ImageObject","inLanguage":"en-US","@id":"https:\/\/www.elevagedudomainedaghan.com\/#\/schema\/logo\/image\/","url":"http:\/\/elevagedudomainedaghan.com\/wp-content\/uploads\/2021\/03\/favicon.png","contentUrl":"http:\/\/elevagedudomainedaghan.com\/wp-content\/uploads\/2021\/03\/favicon.png","width":256,"height":256,"caption":"Le Domaine d'Aghan"},"image":{"@id":"https:\/\/www.elevagedudomainedaghan.com\/#\/schema\/logo\/image\/"},"sameAs":["https:\/\/www.facebook.com\/LeDomainedAghan\/","https:\/\/www.instagram.com\/ledomainedaghan\/","https:\/\/www.youtube.com\/channel\/UCot5F-8J1Xed51Gs1X3K68w"]}]}},"_links":{"self":[{"href":"https:\/\/www.elevagedudomainedaghan.com\/en\/wp-json\/wp\/v2\/pages\/22332","targetHints":{"allow":["GET"]}}],"collection":[{"href":"https:\/\/www.elevagedudomainedaghan.com\/en\/wp-json\/wp\/v2\/pages"}],"about":[{"href":"https:\/\/www.elevagedudomainedaghan.com\/en\/wp-json\/wp\/v2\/types\/page"}],"author":[{"embeddable":true,"href":"https:\/\/www.elevagedudomainedaghan.com\/en\/wp-json\/wp\/v2\/users\/1"}],"replies":[{"embeddable":true,"href":"https:\/\/www.elevagedudomainedaghan.com\/en\/wp-json\/wp\/v2\/comments?post=22332"}],"version-history":[{"count":51,"href":"https:\/\/www.elevagedudomainedaghan.com\/en\/wp-json\/wp\/v2\/pages\/22332\/revisions"}],"predecessor-version":[{"id":34149,"href":"https:\/\/www.elevagedudomainedaghan.com\/en\/wp-json\/wp\/v2\/pages\/22332\/revisions\/34149"}],"up":[{"embeddable":true,"href":"https:\/\/www.elevagedudomainedaghan.com\/en\/wp-json\/wp\/v2\/pages\/22291"}],"wp:featuredmedia":[{"embeddable":true,"href":"https:\/\/www.elevagedudomainedaghan.com\/en\/wp-json\/wp\/v2\/media\/25429"}],"wp:attachment":[{"href":"https:\/\/www.elevagedudomainedaghan.com\/en\/wp-json\/wp\/v2\/media?parent=22332"}],"wp:term":[{"taxonomy":"folder","embeddable":true,"href":"https:\/\/www.elevagedudomainedaghan.com\/en\/wp-json\/wp\/v2\/folder?post=22332"}],"curies":[{"name":"wp","href":"https:\/\/api.w.org\/{rel}","templated":true}]}}