{"id":3165,"date":"2021-04-05T20:29:44","date_gmt":"2021-04-05T18:29:44","guid":{"rendered":"http:\/\/elevagedudomainedaghan.com\/?page_id=3165"},"modified":"2022-11-09T14:51:38","modified_gmt":"2022-11-09T13:51:38","slug":"nos-partenaires","status":"publish","type":"page","link":"https:\/\/www.elevagedudomainedaghan.com\/en\/breeder-british-cats-shorthair-longhair\/our-partners\/","title":{"rendered":"Our partners"},"content":{"rendered":"<div data-elementor-type=\"wp-page\" data-elementor-id=\"3165\" class=\"elementor elementor-3165\" data-elementor-post-type=\"page\">\n\t\t\t\t\t\t<section data-particle_enable=\"false\" data-particle-mobile-disabled=\"false\" class=\"elementor-section elementor-top-section elementor-element elementor-element-d89a454 elementor-section-boxed elementor-section-height-default elementor-section-height-default\" data-id=\"d89a454\" data-element_type=\"section\" data-e-type=\"section\" data-settings=\"{&quot;background_background&quot;:&quot;classic&quot;,&quot;shape_divider_top&quot;:&quot;opacity-fan&quot;}\">\n\t\t\t\t\t<div class=\"elementor-shape elementor-shape-top\" aria-hidden=\"true\" data-negative=\"false\">\n\t\t\t<svg xmlns=\"http:\/\/www.w3.org\/2000\/svg\" viewbox=\"0 0 283.5 19.6\" preserveaspectratio=\"none\">\n\t<path class=\"elementor-shape-fill\" style=\"opacity:0.33\" d=\"M0 0L0 18.8 141.8 4.1 283.5 18.8 283.5 0z\"\/>\n\t<path class=\"elementor-shape-fill\" style=\"opacity:0.33\" d=\"M0 0L0 12.6 141.8 4 283.5 12.6 283.5 0z\"\/>\n\t<path class=\"elementor-shape-fill\" style=\"opacity:0.33\" d=\"M0 0L0 6.4 141.8 4 283.5 6.4 283.5 0z\"\/>\n\t<path class=\"elementor-shape-fill\" d=\"M0 0L0 1.2 141.8 4 283.5 1.2 283.5 0z\"\/>\n<\/svg>\t\t<\/div>\n\t\t\t\t\t<div class=\"elementor-container elementor-column-gap-default\">\n\t\t\t\t\t<div class=\"elementor-column elementor-col-100 elementor-top-column elementor-element elementor-element-b5a4f58\" data-id=\"b5a4f58\" data-element_type=\"column\" data-e-type=\"column\">\n\t\t\t<div class=\"elementor-widget-wrap elementor-element-populated\">\n\t\t\t\t\t\t<div class=\"elementor-element elementor-element-cda5770 animated-slow elementor-widget elementor-widget-heading\" data-id=\"cda5770\" data-element_type=\"widget\" data-e-type=\"widget\" data-settings=\"{&quot;_animation&quot;:&quot;none&quot;,&quot;_animation_mobile&quot;:&quot;none&quot;}\" data-widget_type=\"heading.default\">\n\t\t\t\t<div class=\"elementor-widget-container\">\n\t\t\t\t\t<h1 class=\"elementor-heading-title elementor-size-default\">Our Partners<\/h1>\t\t\t\t<\/div>\n\t\t\t\t<\/div>\n\t\t\t\t\t<\/div>\n\t\t<\/div>\n\t\t\t\t\t<\/div>\n\t\t<\/section>\n\t\t\t\t<section data-particle_enable=\"false\" data-particle-mobile-disabled=\"false\" class=\"elementor-section elementor-top-section elementor-element elementor-element-6c7c53b elementor-section-full_width elementor-section-height-default elementor-section-height-default\" data-id=\"6c7c53b\" data-element_type=\"section\" data-e-type=\"section\" data-settings=\"{&quot;background_background&quot;:&quot;classic&quot;,&quot;animation&quot;:&quot;none&quot;,&quot;animation_delay&quot;:1000}\">\n\t\t\t\t\t\t<div class=\"elementor-container elementor-column-gap-wider\">\n\t\t\t\t\t<div class=\"elementor-column elementor-col-50 elementor-top-column elementor-element elementor-element-bffce7f\" data-id=\"bffce7f\" data-element_type=\"column\" data-e-type=\"column\" data-settings=\"{&quot;background_background&quot;:&quot;classic&quot;}\">\n\t\t\t<div class=\"elementor-widget-wrap elementor-element-populated\">\n\t\t\t\t\t\t<div class=\"elementor-element elementor-element-9be3e3a elementor-widget elementor-widget-image\" data-id=\"9be3e3a\" data-element_type=\"widget\" data-e-type=\"widget\" data-widget_type=\"image.default\">\n\t\t\t\t<div class=\"elementor-widget-container\">\n\t\t\t\t\t\t\t\t\t\t\t\t\t\t\t\t<a href=\"https:\/\/www.catit.fr\/\" target=\"_blank\" rel=\"nofollow\">\n\t\t\t\t\t\t\t<img decoding=\"async\" width=\"258\" height=\"100\" src=\"https:\/\/www.elevagedudomainedaghan.com\/wp-content\/uploads\/2022\/11\/Catit.png\" class=\"attachment-full size-full wp-image-28165\" alt=\"\" srcset=\"https:\/\/www.elevagedudomainedaghan.com\/wp-content\/uploads\/2022\/11\/Catit.png 258w, https:\/\/www.elevagedudomainedaghan.com\/wp-content\/uploads\/2022\/11\/Catit-18x7.png 18w\" sizes=\"(max-width: 258px) 100vw, 258px\" \/>\t\t\t\t\t\t\t\t<\/a>\n\t\t\t\t\t\t\t\t\t\t\t\t\t\t\t<\/div>\n\t\t\t\t<\/div>\n\t\t\t\t<div class=\"elementor-element elementor-element-b5bc534 elementor-invisible elementor-widget elementor-widget-text-editor\" data-id=\"b5bc534\" data-element_type=\"widget\" data-e-type=\"widget\" data-settings=\"{&quot;_animation&quot;:&quot;fadeIn&quot;}\" data-widget_type=\"text-editor.default\">\n\t\t\t\t<div class=\"elementor-widget-container\">\n\t\t\t\t\t\t\t\t\t<p>The reference site for all cat owners. Furniture, games, food, accessories ... Everything is there!<\/p>\t\t\t\t\t\t\t\t<\/div>\n\t\t\t\t<\/div>\n\t\t\t\t<div class=\"elementor-element elementor-element-870e055 elementor-headline--style-highlight elementor-widget elementor-widget-animated-headline\" data-id=\"870e055\" data-element_type=\"widget\" data-e-type=\"widget\" data-settings=\"{&quot;highlighted_text&quot;:&quot;AGHAN20&quot;,&quot;headline_style&quot;:&quot;highlight&quot;,&quot;marker&quot;:&quot;circle&quot;,&quot;loop&quot;:&quot;yes&quot;,&quot;highlight_animation_duration&quot;:1200,&quot;highlight_iteration_delay&quot;:8000}\" data-widget_type=\"animated-headline.default\">\n\t\t\t\t<div class=\"elementor-widget-container\">\n\t\t\t\t\t\t\t<h3 class=\"elementor-headline\">\n\t\t\t\t\t<span class=\"elementor-headline-plain-text elementor-headline-text-wrapper\">Promo Code: <\/span>\n\t\t\t\t<span class=\"elementor-headline-dynamic-wrapper elementor-headline-text-wrapper\">\n\t\t\t\t\t<span class=\"elementor-headline-dynamic-text elementor-headline-text-active\">AGHAN20<\/span>\n\t\t\t\t<\/span>\n\t\t\t\t<\/h3>\n\t\t\t\t\t\t<\/div>\n\t\t\t\t<\/div>\n\t\t\t\t\t<\/div>\n\t\t<\/div>\n\t\t\t\t<div class=\"elementor-column elementor-col-50 elementor-top-column elementor-element elementor-element-6c1a42c\" data-id=\"6c1a42c\" data-element_type=\"column\" data-e-type=\"column\" data-settings=\"{&quot;background_background&quot;:&quot;classic&quot;}\">\n\t\t\t<div class=\"elementor-widget-wrap elementor-element-populated\">\n\t\t\t\t\t\t<div class=\"elementor-element elementor-element-8422dd0 elementor-widget elementor-widget-image\" data-id=\"8422dd0\" data-element_type=\"widget\" data-e-type=\"widget\" data-widget_type=\"image.default\">\n\t\t\t\t<div class=\"elementor-widget-container\">\n\t\t\t\t\t\t\t\t\t\t\t\t\t\t\t\t<a href=\"https:\/\/biogance.com\" target=\"_blank\" rel=\"nofollow\">\n\t\t\t\t\t\t\t<img decoding=\"async\" width=\"414\" height=\"118\" src=\"https:\/\/www.elevagedudomainedaghan.com\/wp-content\/uploads\/2022\/11\/biogance.png\" class=\"attachment-full size-full wp-image-28167\" alt=\"\" srcset=\"https:\/\/www.elevagedudomainedaghan.com\/wp-content\/uploads\/2022\/11\/biogance.png 414w, https:\/\/www.elevagedudomainedaghan.com\/wp-content\/uploads\/2022\/11\/biogance-300x86.png 300w, https:\/\/www.elevagedudomainedaghan.com\/wp-content\/uploads\/2022\/11\/biogance-18x5.png 18w\" sizes=\"(max-width: 414px) 100vw, 414px\" \/>\t\t\t\t\t\t\t\t<\/a>\n\t\t\t\t\t\t\t\t\t\t\t\t\t\t\t<\/div>\n\t\t\t\t<\/div>\n\t\t\t\t<div class=\"elementor-element elementor-element-10a45f7 elementor-invisible elementor-widget elementor-widget-text-editor\" data-id=\"10a45f7\" data-element_type=\"widget\" data-e-type=\"widget\" data-settings=\"{&quot;_animation&quot;:&quot;fadeIn&quot;}\" data-widget_type=\"text-editor.default\">\n\t\t\t\t<div class=\"elementor-widget-container\">\n\t\t\t\t\t\t\t\t\t<p>Quality and environmentally friendly products to help you take care of your little ones every day.\u00a0<\/p>\t\t\t\t\t\t\t\t<\/div>\n\t\t\t\t<\/div>\n\t\t\t\t<div class=\"elementor-element elementor-element-98e249d elementor-headline--style-highlight elementor-widget elementor-widget-animated-headline\" data-id=\"98e249d\" data-element_type=\"widget\" data-e-type=\"widget\" data-settings=\"{&quot;highlighted_text&quot;:&quot;AGHAN20&quot;,&quot;headline_style&quot;:&quot;highlight&quot;,&quot;marker&quot;:&quot;circle&quot;,&quot;loop&quot;:&quot;yes&quot;,&quot;highlight_animation_duration&quot;:1200,&quot;highlight_iteration_delay&quot;:8000}\" data-widget_type=\"animated-headline.default\">\n\t\t\t\t<div class=\"elementor-widget-container\">\n\t\t\t\t\t\t\t<h3 class=\"elementor-headline\">\n\t\t\t\t\t<span class=\"elementor-headline-plain-text elementor-headline-text-wrapper\">Promo Code: <\/span>\n\t\t\t\t<span class=\"elementor-headline-dynamic-wrapper elementor-headline-text-wrapper\">\n\t\t\t\t\t<span class=\"elementor-headline-dynamic-text elementor-headline-text-active\">AGHAN20<\/span>\n\t\t\t\t<\/span>\n\t\t\t\t<\/h3>\n\t\t\t\t\t\t<\/div>\n\t\t\t\t<\/div>\n\t\t\t\t\t<\/div>\n\t\t<\/div>\n\t\t\t\t\t<\/div>\n\t\t<\/section>\n\t\t\t\t<section data-particle_enable=\"false\" data-particle-mobile-disabled=\"false\" class=\"elementor-section elementor-top-section elementor-element elementor-element-7844958 elementor-section-full_width elementor-section-height-default elementor-section-height-default\" data-id=\"7844958\" data-element_type=\"section\" data-e-type=\"section\" data-settings=\"{&quot;background_background&quot;:&quot;classic&quot;,&quot;animation&quot;:&quot;none&quot;,&quot;animation_delay&quot;:1000}\">\n\t\t\t\t\t\t<div class=\"elementor-container elementor-column-gap-wider\">\n\t\t\t\t\t<div class=\"elementor-column elementor-col-50 elementor-top-column elementor-element elementor-element-78d2f4c\" data-id=\"78d2f4c\" data-element_type=\"column\" data-e-type=\"column\">\n\t\t\t<div class=\"elementor-widget-wrap elementor-element-populated\">\n\t\t\t\t\t\t<div class=\"elementor-element elementor-element-da1df7b elementor-widget elementor-widget-image\" data-id=\"da1df7b\" data-element_type=\"widget\" data-e-type=\"widget\" data-widget_type=\"image.default\">\n\t\t\t\t<div class=\"elementor-widget-container\">\n\t\t\t\t\t\t\t\t\t\t\t\t\t\t\t\t<a href=\"https:\/\/www.cotekube.fr\/\" target=\"_blank\" rel=\"nofollow\">\n\t\t\t\t\t\t\t<img decoding=\"async\" width=\"150\" height=\"150\" src=\"https:\/\/www.elevagedudomainedaghan.com\/wp-content\/uploads\/2021\/04\/cote-kube-150x150.png\" class=\"attachment-thumbnail size-thumbnail wp-image-3167\" alt=\"Kube side\" srcset=\"https:\/\/www.elevagedudomainedaghan.com\/wp-content\/uploads\/2021\/04\/cote-kube-150x150.png 150w, https:\/\/www.elevagedudomainedaghan.com\/wp-content\/uploads\/2021\/04\/cote-kube.png 300w\" sizes=\"(max-width: 150px) 100vw, 150px\" \/>\t\t\t\t\t\t\t\t<\/a>\n\t\t\t\t\t\t\t\t\t\t\t\t\t\t\t<\/div>\n\t\t\t\t<\/div>\n\t\t\t\t<div class=\"elementor-element elementor-element-dc5de96 elementor-invisible elementor-widget elementor-widget-text-editor\" data-id=\"dc5de96\" data-element_type=\"widget\" data-e-type=\"widget\" data-settings=\"{&quot;_animation&quot;:&quot;fadeIn&quot;}\" data-widget_type=\"text-editor.default\">\n\t\t\t\t<div class=\"elementor-widget-container\">\n\t\t\t\t\t\t\t\t\t<p>All our wooden cat furniture comes from C\u00f4t\u00e9 Kube. Their products are customizable, aesthetically pleasing and of very high quality.<\/p>\t\t\t\t\t\t\t\t<\/div>\n\t\t\t\t<\/div>\n\t\t\t\t<div class=\"elementor-element elementor-element-04b2f15 elementor-headline--style-highlight elementor-widget elementor-widget-animated-headline\" data-id=\"04b2f15\" data-element_type=\"widget\" data-e-type=\"widget\" data-settings=\"{&quot;highlighted_text&quot;:&quot;Ledomainedaghan&quot;,&quot;headline_style&quot;:&quot;highlight&quot;,&quot;marker&quot;:&quot;circle&quot;,&quot;loop&quot;:&quot;yes&quot;,&quot;highlight_animation_duration&quot;:1200,&quot;highlight_iteration_delay&quot;:8000}\" data-widget_type=\"animated-headline.default\">\n\t\t\t\t<div class=\"elementor-widget-container\">\n\t\t\t\t\t\t\t<h3 class=\"elementor-headline\">\n\t\t\t\t\t<span class=\"elementor-headline-plain-text elementor-headline-text-wrapper\">Promo Code: <\/span>\n\t\t\t\t<span class=\"elementor-headline-dynamic-wrapper elementor-headline-text-wrapper\">\n\t\t\t\t\t<span class=\"elementor-headline-dynamic-text elementor-headline-text-active\">Ledomainedaghan<\/span>\n\t\t\t\t<\/span>\n\t\t\t\t<\/h3>\n\t\t\t\t\t\t<\/div>\n\t\t\t\t<\/div>\n\t\t\t\t\t<\/div>\n\t\t<\/div>\n\t\t\t\t<div class=\"elementor-column elementor-col-50 elementor-top-column elementor-element elementor-element-4a5e770\" data-id=\"4a5e770\" data-element_type=\"column\" data-e-type=\"column\" data-settings=\"{&quot;background_background&quot;:&quot;classic&quot;}\">\n\t\t\t<div class=\"elementor-widget-wrap elementor-element-populated\">\n\t\t\t\t\t\t<div class=\"elementor-element elementor-element-bdf354b e-transform elementor-widget elementor-widget-image\" data-id=\"bdf354b\" data-element_type=\"widget\" data-e-type=\"widget\" data-settings=\"{&quot;_animation&quot;:&quot;none&quot;,&quot;_transform_scale_effect&quot;:{&quot;unit&quot;:&quot;px&quot;,&quot;size&quot;:1.2,&quot;sizes&quot;:[]},&quot;_transform_scale_effect_tablet&quot;:{&quot;unit&quot;:&quot;px&quot;,&quot;size&quot;:&quot;&quot;,&quot;sizes&quot;:[]},&quot;_transform_scale_effect_mobile&quot;:{&quot;unit&quot;:&quot;px&quot;,&quot;size&quot;:&quot;&quot;,&quot;sizes&quot;:[]}}\" data-widget_type=\"image.default\">\n\t\t\t\t<div class=\"elementor-widget-container\">\n\t\t\t\t\t\t\t\t\t\t\t\t\t\t\t\t<a href=\"https:\/\/www.farmina.com\/fr\/eshop-c-Alimentation-pour-chat.html\" target=\"_blank\" rel=\"nofollow\">\n\t\t\t\t\t\t\t<img loading=\"lazy\" decoding=\"async\" width=\"138\" height=\"120\" src=\"https:\/\/www.elevagedudomainedaghan.com\/wp-content\/uploads\/2022\/11\/Farmina.png\" class=\"attachment-full size-full wp-image-28169\" alt=\"\" srcset=\"https:\/\/www.elevagedudomainedaghan.com\/wp-content\/uploads\/2022\/11\/Farmina.png 138w, https:\/\/www.elevagedudomainedaghan.com\/wp-content\/uploads\/2022\/11\/Farmina-14x12.png 14w\" sizes=\"(max-width: 138px) 100vw, 138px\" \/>\t\t\t\t\t\t\t\t<\/a>\n\t\t\t\t\t\t\t\t\t\t\t\t\t\t\t<\/div>\n\t\t\t\t<\/div>\n\t\t\t\t<div class=\"elementor-element elementor-element-bcf25e0 elementor-invisible elementor-widget elementor-widget-text-editor\" data-id=\"bcf25e0\" data-element_type=\"widget\" data-e-type=\"widget\" data-settings=\"{&quot;_animation&quot;:&quot;fadeIn&quot;}\" data-widget_type=\"text-editor.default\">\n\t\t\t\t<div class=\"elementor-widget-container\">\n\t\t\t\t\t\t\t\t\t<p>A complete line of dry and wet food, rich in protein and grain-free to accompany your pets throughout their lives.\u00a0<\/p>\t\t\t\t\t\t\t\t<\/div>\n\t\t\t\t<\/div>\n\t\t\t\t\t<\/div>\n\t\t<\/div>\n\t\t\t\t\t<\/div>\n\t\t<\/section>\n\t\t\t\t<\/div>","protected":false},"excerpt":{"rendered":"<p>Our Partners The reference site for all cat owners. Furniture, games, food, accessories ... Everything is there! Promo Code: AGHAN20 Quality and environmentally friendly products to help you take care of your little ones everyday.  Promo code : AGHAN20 All our cat furniture in [...]<\/p>","protected":false},"author":1,"featured_media":0,"parent":187,"menu_order":0,"comment_status":"closed","ping_status":"closed","template":"elementor_header_footer","meta":{"footnotes":""},"folder":[35],"class_list":["post-3165","page","type-page","status-publish","hentry"],"yoast_head":"<!-- This site is optimized with the Yoast SEO plugin v27.4 - https:\/\/yoast.com\/product\/yoast-seo-wordpress\/ -->\n<title>Nos partenaires - Domaine d&#039;Aghan, \u00e9levage de British<\/title>\n<meta name=\"description\" content=\"Nous travaillons avec des entreprises fran\u00e7aises et nous aimons le travail fait main et artisanal. C\u00f4t\u00e9 Kube et Les Pentagones de la Gabeline.\" \/>\n<meta name=\"robots\" content=\"index, follow, max-snippet:-1, max-image-preview:large, max-video-preview:-1\" \/>\n<link rel=\"canonical\" href=\"https:\/\/www.elevagedudomainedaghan.com\/en\/breeder-british-cats-shorthair-longhair\/our-partners\/\" \/>\n<meta property=\"og:locale\" content=\"en_US\" \/>\n<meta property=\"og:type\" content=\"article\" \/>\n<meta property=\"og:title\" content=\"Nos partenaires - Domaine d&#039;Aghan, \u00e9levage de British\" \/>\n<meta property=\"og:description\" content=\"Nous travaillons avec des entreprises fran\u00e7aises et nous aimons le travail fait main et artisanal. C\u00f4t\u00e9 Kube et Les Pentagones de la Gabeline.\" \/>\n<meta property=\"og:url\" content=\"https:\/\/www.elevagedudomainedaghan.com\/en\/breeder-british-cats-shorthair-longhair\/our-partners\/\" \/>\n<meta property=\"og:site_name\" content=\"\u00c9levage familial de British et de chevaux de sport de couleur\" \/>\n<meta property=\"article:publisher\" content=\"https:\/\/www.facebook.com\/LeDomainedAghan\/\" \/>\n<meta property=\"article:modified_time\" content=\"2022-11-09T13:51:38+00:00\" \/>\n<meta property=\"og:image\" content=\"http:\/\/elevagedudomainedaghan.com\/wp-content\/uploads\/2022\/11\/Catit.png\" \/>\n<meta name=\"twitter:card\" content=\"summary_large_image\" \/>\n<meta name=\"twitter:label1\" content=\"Est. reading time\" \/>\n\t<meta name=\"twitter:data1\" content=\"2 minutes\" \/>\n<script type=\"application\/ld+json\" class=\"yoast-schema-graph\">{\"@context\":\"https:\\\/\\\/schema.org\",\"@graph\":[{\"@type\":\"WebPage\",\"@id\":\"https:\\\/\\\/www.elevagedudomainedaghan.com\\\/nos-british-shorthair-longhair\\\/nos-partenaires\\\/\",\"url\":\"https:\\\/\\\/www.elevagedudomainedaghan.com\\\/nos-british-shorthair-longhair\\\/nos-partenaires\\\/\",\"name\":\"Nos partenaires - Domaine d'Aghan, \u00e9levage de British\",\"isPartOf\":{\"@id\":\"https:\\\/\\\/www.elevagedudomainedaghan.com\\\/#website\"},\"primaryImageOfPage\":{\"@id\":\"https:\\\/\\\/www.elevagedudomainedaghan.com\\\/nos-british-shorthair-longhair\\\/nos-partenaires\\\/#primaryimage\"},\"image\":{\"@id\":\"https:\\\/\\\/www.elevagedudomainedaghan.com\\\/nos-british-shorthair-longhair\\\/nos-partenaires\\\/#primaryimage\"},\"thumbnailUrl\":\"http:\\\/\\\/elevagedudomainedaghan.com\\\/wp-content\\\/uploads\\\/2022\\\/11\\\/Catit.png\",\"datePublished\":\"2021-04-05T18:29:44+00:00\",\"dateModified\":\"2022-11-09T13:51:38+00:00\",\"description\":\"Nous travaillons avec des entreprises fran\u00e7aises et nous aimons le travail fait main et artisanal. C\u00f4t\u00e9 Kube et Les Pentagones de la Gabeline.\",\"breadcrumb\":{\"@id\":\"https:\\\/\\\/www.elevagedudomainedaghan.com\\\/nos-british-shorthair-longhair\\\/nos-partenaires\\\/#breadcrumb\"},\"inLanguage\":\"en-US\",\"potentialAction\":[{\"@type\":\"ReadAction\",\"target\":[\"https:\\\/\\\/www.elevagedudomainedaghan.com\\\/nos-british-shorthair-longhair\\\/nos-partenaires\\\/\"]}]},{\"@type\":\"ImageObject\",\"inLanguage\":\"en-US\",\"@id\":\"https:\\\/\\\/www.elevagedudomainedaghan.com\\\/nos-british-shorthair-longhair\\\/nos-partenaires\\\/#primaryimage\",\"url\":\"http:\\\/\\\/elevagedudomainedaghan.com\\\/wp-content\\\/uploads\\\/2022\\\/11\\\/Catit.png\",\"contentUrl\":\"http:\\\/\\\/elevagedudomainedaghan.com\\\/wp-content\\\/uploads\\\/2022\\\/11\\\/Catit.png\"},{\"@type\":\"BreadcrumbList\",\"@id\":\"https:\\\/\\\/www.elevagedudomainedaghan.com\\\/nos-british-shorthair-longhair\\\/nos-partenaires\\\/#breadcrumb\",\"itemListElement\":[{\"@type\":\"ListItem\",\"position\":1,\"name\":\"Accueil\",\"item\":\"https:\\\/\\\/www.elevagedudomainedaghan.com\\\/\"},{\"@type\":\"ListItem\",\"position\":2,\"name\":\"Nos British\",\"item\":\"https:\\\/\\\/www.elevagedudomainedaghan.com\\\/nos-british-shorthair-longhair\\\/\"},{\"@type\":\"ListItem\",\"position\":3,\"name\":\"Nos partenaires\"}]},{\"@type\":\"WebSite\",\"@id\":\"https:\\\/\\\/www.elevagedudomainedaghan.com\\\/#website\",\"url\":\"https:\\\/\\\/www.elevagedudomainedaghan.com\\\/\",\"name\":\"\u00c9levage familial de British et de chevaux de sport de couleur\",\"description\":\"Bienvenue au Domaine d\u2019Aghan, nous avons la chance de vivre notre passion avec nos British et nos chevaux. Le bien-\u00eatre animal est notre priorit\u00e9 au quotidien.\",\"publisher\":{\"@id\":\"https:\\\/\\\/www.elevagedudomainedaghan.com\\\/#organization\"},\"potentialAction\":[{\"@type\":\"SearchAction\",\"target\":{\"@type\":\"EntryPoint\",\"urlTemplate\":\"https:\\\/\\\/www.elevagedudomainedaghan.com\\\/?s={search_term_string}\"},\"query-input\":{\"@type\":\"PropertyValueSpecification\",\"valueRequired\":true,\"valueName\":\"search_term_string\"}}],\"inLanguage\":\"en-US\"},{\"@type\":\"Organization\",\"@id\":\"https:\\\/\\\/www.elevagedudomainedaghan.com\\\/#organization\",\"name\":\"Le Domaine d'Aghan\",\"url\":\"https:\\\/\\\/www.elevagedudomainedaghan.com\\\/\",\"logo\":{\"@type\":\"ImageObject\",\"inLanguage\":\"en-US\",\"@id\":\"https:\\\/\\\/www.elevagedudomainedaghan.com\\\/#\\\/schema\\\/logo\\\/image\\\/\",\"url\":\"http:\\\/\\\/elevagedudomainedaghan.com\\\/wp-content\\\/uploads\\\/2021\\\/03\\\/favicon.png\",\"contentUrl\":\"http:\\\/\\\/elevagedudomainedaghan.com\\\/wp-content\\\/uploads\\\/2021\\\/03\\\/favicon.png\",\"width\":256,\"height\":256,\"caption\":\"Le Domaine d'Aghan\"},\"image\":{\"@id\":\"https:\\\/\\\/www.elevagedudomainedaghan.com\\\/#\\\/schema\\\/logo\\\/image\\\/\"},\"sameAs\":[\"https:\\\/\\\/www.facebook.com\\\/LeDomainedAghan\\\/\",\"https:\\\/\\\/www.instagram.com\\\/ledomainedaghan\\\/\",\"https:\\\/\\\/www.youtube.com\\\/channel\\\/UCot5F-8J1Xed51Gs1X3K68w\"]}]}<\/script>\n<!-- \/ Yoast SEO plugin. -->","yoast_head_json":{"title":"Our partners - Domaine d'Aghan, British breeding","description":"We work with French companies and we like handmade and artisanal work. C\u00f4t\u00e9 Kube and Les Pentagones de la Gabeline.","robots":{"index":"index","follow":"follow","max-snippet":"max-snippet:-1","max-image-preview":"max-image-preview:large","max-video-preview":"max-video-preview:-1"},"canonical":"https:\/\/www.elevagedudomainedaghan.com\/en\/breeder-british-cats-shorthair-longhair\/our-partners\/","og_locale":"en_US","og_type":"article","og_title":"Nos partenaires - Domaine d'Aghan, \u00e9levage de British","og_description":"Nous travaillons avec des entreprises fran\u00e7aises et nous aimons le travail fait main et artisanal. C\u00f4t\u00e9 Kube et Les Pentagones de la Gabeline.","og_url":"https:\/\/www.elevagedudomainedaghan.com\/en\/breeder-british-cats-shorthair-longhair\/our-partners\/","og_site_name":"\u00c9levage familial de British et de chevaux de sport de couleur","article_publisher":"https:\/\/www.facebook.com\/LeDomainedAghan\/","article_modified_time":"2022-11-09T13:51:38+00:00","og_image":[{"url":"http:\/\/elevagedudomainedaghan.com\/wp-content\/uploads\/2022\/11\/Catit.png","type":"","width":"","height":""}],"twitter_card":"summary_large_image","twitter_misc":{"Est. reading time":"2 minutes"},"schema":{"@context":"https:\/\/schema.org","@graph":[{"@type":"WebPage","@id":"https:\/\/www.elevagedudomainedaghan.com\/nos-british-shorthair-longhair\/nos-partenaires\/","url":"https:\/\/www.elevagedudomainedaghan.com\/nos-british-shorthair-longhair\/nos-partenaires\/","name":"Our partners - Domaine d'Aghan, British breeding","isPartOf":{"@id":"https:\/\/www.elevagedudomainedaghan.com\/#website"},"primaryImageOfPage":{"@id":"https:\/\/www.elevagedudomainedaghan.com\/nos-british-shorthair-longhair\/nos-partenaires\/#primaryimage"},"image":{"@id":"https:\/\/www.elevagedudomainedaghan.com\/nos-british-shorthair-longhair\/nos-partenaires\/#primaryimage"},"thumbnailUrl":"http:\/\/elevagedudomainedaghan.com\/wp-content\/uploads\/2022\/11\/Catit.png","datePublished":"2021-04-05T18:29:44+00:00","dateModified":"2022-11-09T13:51:38+00:00","description":"We work with French companies and we like handmade and artisanal work. C\u00f4t\u00e9 Kube and Les Pentagones de la Gabeline.","breadcrumb":{"@id":"https:\/\/www.elevagedudomainedaghan.com\/nos-british-shorthair-longhair\/nos-partenaires\/#breadcrumb"},"inLanguage":"en-US","potentialAction":[{"@type":"ReadAction","target":["https:\/\/www.elevagedudomainedaghan.com\/nos-british-shorthair-longhair\/nos-partenaires\/"]}]},{"@type":"ImageObject","inLanguage":"en-US","@id":"https:\/\/www.elevagedudomainedaghan.com\/nos-british-shorthair-longhair\/nos-partenaires\/#primaryimage","url":"http:\/\/elevagedudomainedaghan.com\/wp-content\/uploads\/2022\/11\/Catit.png","contentUrl":"http:\/\/elevagedudomainedaghan.com\/wp-content\/uploads\/2022\/11\/Catit.png"},{"@type":"BreadcrumbList","@id":"https:\/\/www.elevagedudomainedaghan.com\/nos-british-shorthair-longhair\/nos-partenaires\/#breadcrumb","itemListElement":[{"@type":"ListItem","position":1,"name":"Accueil","item":"https:\/\/www.elevagedudomainedaghan.com\/"},{"@type":"ListItem","position":2,"name":"Nos British","item":"https:\/\/www.elevagedudomainedaghan.com\/nos-british-shorthair-longhair\/"},{"@type":"ListItem","position":3,"name":"Nos partenaires"}]},{"@type":"WebSite","@id":"https:\/\/www.elevagedudomainedaghan.com\/#website","url":"https:\/\/www.elevagedudomainedaghan.com\/","name":"Stud farm of colored sport horses.","description":"Welcome to the Domaine d'Aghan, we are lucky enough to live our passion with our British and our horses. Animal welfare is our daily priority.","publisher":{"@id":"https:\/\/www.elevagedudomainedaghan.com\/#organization"},"potentialAction":[{"@type":"SearchAction","target":{"@type":"EntryPoint","urlTemplate":"https:\/\/www.elevagedudomainedaghan.com\/?s={search_term_string}"},"query-input":{"@type":"PropertyValueSpecification","valueRequired":true,"valueName":"search_term_string"}}],"inLanguage":"en-US"},{"@type":"Organization","@id":"https:\/\/www.elevagedudomainedaghan.com\/#organization","name":"Le Domaine d'Aghan","url":"https:\/\/www.elevagedudomainedaghan.com\/","logo":{"@type":"ImageObject","inLanguage":"en-US","@id":"https:\/\/www.elevagedudomainedaghan.com\/#\/schema\/logo\/image\/","url":"http:\/\/elevagedudomainedaghan.com\/wp-content\/uploads\/2021\/03\/favicon.png","contentUrl":"http:\/\/elevagedudomainedaghan.com\/wp-content\/uploads\/2021\/03\/favicon.png","width":256,"height":256,"caption":"Le Domaine d'Aghan"},"image":{"@id":"https:\/\/www.elevagedudomainedaghan.com\/#\/schema\/logo\/image\/"},"sameAs":["https:\/\/www.facebook.com\/LeDomainedAghan\/","https:\/\/www.instagram.com\/ledomainedaghan\/","https:\/\/www.youtube.com\/channel\/UCot5F-8J1Xed51Gs1X3K68w"]}]}},"_links":{"self":[{"href":"https:\/\/www.elevagedudomainedaghan.com\/en\/wp-json\/wp\/v2\/pages\/3165","targetHints":{"allow":["GET"]}}],"collection":[{"href":"https:\/\/www.elevagedudomainedaghan.com\/en\/wp-json\/wp\/v2\/pages"}],"about":[{"href":"https:\/\/www.elevagedudomainedaghan.com\/en\/wp-json\/wp\/v2\/types\/page"}],"author":[{"embeddable":true,"href":"https:\/\/www.elevagedudomainedaghan.com\/en\/wp-json\/wp\/v2\/users\/1"}],"replies":[{"embeddable":true,"href":"https:\/\/www.elevagedudomainedaghan.com\/en\/wp-json\/wp\/v2\/comments?post=3165"}],"version-history":[{"count":40,"href":"https:\/\/www.elevagedudomainedaghan.com\/en\/wp-json\/wp\/v2\/pages\/3165\/revisions"}],"predecessor-version":[{"id":28178,"href":"https:\/\/www.elevagedudomainedaghan.com\/en\/wp-json\/wp\/v2\/pages\/3165\/revisions\/28178"}],"up":[{"embeddable":true,"href":"https:\/\/www.elevagedudomainedaghan.com\/en\/wp-json\/wp\/v2\/pages\/187"}],"wp:attachment":[{"href":"https:\/\/www.elevagedudomainedaghan.com\/en\/wp-json\/wp\/v2\/media?parent=3165"}],"wp:term":[{"taxonomy":"folder","embeddable":true,"href":"https:\/\/www.elevagedudomainedaghan.com\/en\/wp-json\/wp\/v2\/folder?post=3165"}],"curies":[{"name":"wp","href":"https:\/\/api.w.org\/{rel}","templated":true}]}}