{"id":3713,"date":"2021-04-08T20:38:42","date_gmt":"2021-04-08T18:38:42","guid":{"rendered":"http:\/\/elevagedudomainedaghan.com\/?page_id=3713"},"modified":"2025-05-23T11:32:54","modified_gmt":"2025-05-23T09:32:54","slug":"nos-adultes","status":"publish","type":"page","link":"https:\/\/www.elevagedudomainedaghan.com\/en\/breeder-british-cats-shorthair-longhair\/our-adults\/","title":{"rendered":"Our adults"},"content":{"rendered":"<div data-elementor-type=\"wp-page\" data-elementor-id=\"3713\" class=\"elementor elementor-3713\" data-elementor-post-type=\"page\">\n\t\t\t\t\t\t<section data-particle_enable=\"false\" data-particle-mobile-disabled=\"false\" class=\"elementor-section elementor-top-section elementor-element elementor-element-afe800a elementor-section-full_width elementor-section-height-default elementor-section-height-default\" data-id=\"afe800a\" data-element_type=\"section\" data-e-type=\"section\" data-settings=\"{&quot;background_background&quot;:&quot;classic&quot;}\">\n\t\t\t\t\t\t<div class=\"elementor-container elementor-column-gap-default\">\n\t\t\t\t\t<div class=\"elementor-column elementor-col-100 elementor-top-column elementor-element elementor-element-f0a3271\" data-id=\"f0a3271\" data-element_type=\"column\" data-e-type=\"column\">\n\t\t\t<div class=\"elementor-widget-wrap elementor-element-populated\">\n\t\t\t\t\t\t<div class=\"elementor-element elementor-element-596a4f6 elementor-widget elementor-widget-eael-flip-carousel\" data-id=\"596a4f6\" data-element_type=\"widget\" data-e-type=\"widget\" data-widget_type=\"eael-flip-carousel.default\">\n\t\t\t\t<div class=\"elementor-widget-container\">\n\t\t\t\t\t\t\t<div class=\"eael-flip-carousel flip-carousel-596a4f6 show-all\" data-style=\"coverflow\" data-start=\"center\" data-fadein=\"100\" data-loop=\"false\" data-autoplay=\"false\" data-pauseonhover=\"true\" data-spacing=\"-0.6\" data-click=\"true\" data-scrollwheel=\"true\" data-touch=\"true\" data-buttons=\"custom\" data-buttonprev=\"&lt;i aria-hidden=&quot;true&quot; class=&quot;fas fa-arrow-left&quot;&gt;&lt;\/i&gt;\" data-buttonnext=\"&lt;i aria-hidden=&quot;true&quot; class=&quot;fas fa-arrow-right&quot;&gt;&lt;\/i&gt;\">\n\t\t\t<ul class=\"flip-items eael-flip-container\">\n\t\t\t\t\t\t\t\t\t<li class=\"eael-flip-item\">\n\t\t\t\t\t\t\t\t\t\t\t\t\t<a href=\"https:\/\/www.elevagedudomainedaghan.com\/en\/breeder-british-cats-shorthair-longhair\/our-adults\/rose-de-vis-a-vis\/\"  >\n\t\t\t\t\t\t\t\t<img decoding=\"async\" src=\"https:\/\/elevagedudomainedaghan.com\/wp-content\/uploads\/2021\/03\/Rose-Rond.png\" alt=\"Rose\">\n\t\t\t\t\t\t\t<\/a>\n\t\t\t\t\t\t\t\t\t\t\t\t\t\t\t<p class=\"flip-carousel-text\">Rose from Vis-\u00e0-Vis<\/p>\n\t\t\t\t\t\t\t\t\t\t\t\t\t\n\t\t\t\t\t<\/li>\n\t\t\t\t\t\t\t\t\t<li class=\"eael-flip-item\">\n\t\t\t\t\t\t\t\t\t\t\t\t\t<a href=\"https:\/\/www.elevagedudomainedaghan.com\/en\/breeder-british-cats-shorthair-longhair\/our-adults\/romantica-dozara\/\"  >\n\t\t\t\t\t\t\t\t<img decoding=\"async\" src=\"https:\/\/elevagedudomainedaghan.com\/wp-content\/uploads\/2021\/04\/Tica-Rond2.png\" alt=\"Romantica\">\n\t\t\t\t\t\t\t<\/a>\n\t\t\t\t\t\t\t\t\t\t\t\t\t\t\t<p class=\"flip-carousel-text\">Romantica from \u00d4zara<\/p>\n\t\t\t\t\t\t\t\t\t\t\t\t\t\n\t\t\t\t\t<\/li>\n\t\t\t\t\t\t\t\t\t<li class=\"eael-flip-item\">\n\t\t\t\t\t\t\t\t\t\t\t\t\t<a href=\"https:\/\/www.elevagedudomainedaghan.com\/en\/breeder-british-cats-shorthair-longhair\/our-adults\/romy-de-vis-a-vis\/\"  >\n\t\t\t\t\t\t\t\t<img decoding=\"async\" src=\"https:\/\/elevagedudomainedaghan.com\/wp-content\/uploads\/2021\/03\/romy-Rond3.png\" alt=\"Romy\">\n\t\t\t\t\t\t\t<\/a>\n\t\t\t\t\t\t\t\t\t\t\t\t\t\t\t<p class=\"flip-carousel-text\">Romy de Vis-\u00e0-Vis<\/p>\n\t\t\t\t\t\t\t\t\t\t\t\t\t\n\t\t\t\t\t<\/li>\n\t\t\t\t\t\t\t\t\t<li class=\"eael-flip-item\">\n\t\t\t\t\t\t\t\t\t\t\t\t\t<a href=\"https:\/\/www.elevagedudomainedaghan.com\/en\/breeder-british-cats-shorthair-longhair\/our-adults\/sya-de-vis-a-vis\/\"  >\n\t\t\t\t\t\t\t\t<img decoding=\"async\" src=\"https:\/\/elevagedudomainedaghan.com\/wp-content\/uploads\/2023\/01\/Sya-Rond2-e1674578184664.png\" alt=\"\">\n\t\t\t\t\t\t\t<\/a>\n\t\t\t\t\t\t\t\t\t\t\t\t\t\t\t<p class=\"flip-carousel-text\">Sya de Vis-\u00e0-Vis<\/p>\n\t\t\t\t\t\t\t\t\t\t\t\t\t\n\t\t\t\t\t<\/li>\n\t\t\t\t\t\t\t\t\t<li class=\"eael-flip-item\">\n\t\t\t\t\t\t\t\t\t\t\t\t\t<a href=\"https:\/\/www.elevagedudomainedaghan.com\/en\/breeder-british-cats-shorthair-longhair\/our-adults\/pandora-of-english-rose\/\"  >\n\t\t\t\t\t\t\t\t<img decoding=\"async\" src=\"https:\/\/elevagedudomainedaghan.com\/wp-content\/uploads\/2023\/01\/Onetta-rond-e1674578160280.png\" alt=\"\">\n\t\t\t\t\t\t\t<\/a>\n\t\t\t\t\t\t\t\t\t\t\t\t\t\t\t<p class=\"flip-carousel-text\">Onetta Galeksy's Golden<\/p>\n\t\t\t\t\t\t\t\t\t\t\t\t\t\n\t\t\t\t\t<\/li>\n\t\t\t\t\t\t\t\t\t<li class=\"eael-flip-item\">\n\t\t\t\t\t\t\t\t\t\t\t\t\t<a href=\"https:\/\/www.elevagedudomainedaghan.com\/en\/breeder-british-cats-shorthair-longhair\/our-adults\/pandora-of-english-rose\/\"  >\n\t\t\t\t\t\t\t\t<img decoding=\"async\" src=\"https:\/\/elevagedudomainedaghan.com\/wp-content\/uploads\/2023\/01\/Tilasha-rond-e1674578123314.png\" alt=\"\">\n\t\t\t\t\t\t\t<\/a>\n\t\t\t\t\t\t\t\t\t\t\t\t\t\t\t<p class=\"flip-carousel-text\">Tilasha Galeksy's Golden<\/p>\n\t\t\t\t\t\t\t\t\t\t\t\t\t\n\t\t\t\t\t<\/li>\n\t\t\t\t\t\t\t\t\t<li class=\"eael-flip-item\">\n\t\t\t\t\t\t\t\t\t\t\t\t\t<a href=\"https:\/\/www.elevagedudomainedaghan.com\/en\/breeder-british-cats-shorthair-longhair\/our-adults\/usain-dozara\/\"  >\n\t\t\t\t\t\t\t\t<img decoding=\"async\" src=\"https:\/\/elevagedudomainedaghan.com\/wp-content\/uploads\/2024\/05\/Usain-rond.png\" alt=\"\">\n\t\t\t\t\t\t\t<\/a>\n\t\t\t\t\t\t\t\t\t\t\t\t\t\t\t<p class=\"flip-carousel-text\">Usain d'\u00d4zara<\/p>\n\t\t\t\t\t\t\t\t\t\t\t\t\t\n\t\t\t\t\t<\/li>\n\t\t\t\t\t\t\t<\/ul>\n\t\t<\/div>\n\t\t\t\t\t\t<\/div>\n\t\t\t\t<\/div>\n\t\t\t\t\t<\/div>\n\t\t<\/div>\n\t\t\t\t\t<\/div>\n\t\t<\/section>\n\t\t\t\t<\/div>","protected":false},"excerpt":{"rendered":"<p>Rose de Vis-\u00e0-Vis Romantica d'\u00d4zara Romy de Vis-\u00e0-Vis Sya de Vis-\u00e0-Vis Onetta Galeksy's Golden Tilasha Galeksy's Golden Usain d'\u00d4zara<\/p>","protected":false},"author":1,"featured_media":0,"parent":187,"menu_order":1,"comment_status":"closed","ping_status":"closed","template":"elementor_header_footer","meta":{"footnotes":""},"folder":[35],"class_list":["post-3713","page","type-page","status-publish","hentry"],"yoast_head":"<!-- This site is optimized with the Yoast SEO plugin v27.5 - https:\/\/yoast.com\/product\/yoast-seo-wordpress\/ -->\n<title>Nos adultes British Shorthair et Longhair - Domaine d&#039;Aghan<\/title>\n<meta name=\"description\" content=\"D\u00e9couvrez notre famille de British Loof shorthair et longhair, aux robes chaudes (golden et colorpoint) et aux yeux verts ou bleus.\" \/>\n<meta name=\"robots\" content=\"index, follow, max-snippet:-1, max-image-preview:large, max-video-preview:-1\" \/>\n<link rel=\"canonical\" href=\"https:\/\/www.elevagedudomainedaghan.com\/en\/breeder-british-cats-shorthair-longhair\/our-adults\/\" \/>\n<meta property=\"og:locale\" content=\"en_US\" \/>\n<meta property=\"og:type\" content=\"article\" \/>\n<meta property=\"og:title\" content=\"Nos adultes British Shorthair et Longhair - Domaine d&#039;Aghan\" \/>\n<meta property=\"og:description\" content=\"D\u00e9couvrez notre famille de British Loof shorthair et longhair, aux robes chaudes (golden et colorpoint) et aux yeux verts ou bleus.\" \/>\n<meta property=\"og:url\" content=\"https:\/\/www.elevagedudomainedaghan.com\/en\/breeder-british-cats-shorthair-longhair\/our-adults\/\" \/>\n<meta property=\"og:site_name\" content=\"\u00c9levage familial de British et de chevaux de sport de couleur\" \/>\n<meta property=\"article:publisher\" content=\"https:\/\/www.facebook.com\/LeDomainedAghan\/\" \/>\n<meta property=\"article:modified_time\" content=\"2025-05-23T09:32:54+00:00\" \/>\n<meta property=\"og:image\" content=\"https:\/\/elevagedudomainedaghan.com\/wp-content\/uploads\/2021\/03\/Rose-Rond.png\" \/>\n<meta name=\"twitter:card\" content=\"summary_large_image\" \/>\n<meta name=\"twitter:label1\" content=\"Est. reading time\" \/>\n\t<meta name=\"twitter:data1\" content=\"1 minute\" \/>\n<script type=\"application\/ld+json\" class=\"yoast-schema-graph\">{\"@context\":\"https:\\\/\\\/schema.org\",\"@graph\":[{\"@type\":\"WebPage\",\"@id\":\"https:\\\/\\\/www.elevagedudomainedaghan.com\\\/nos-british-shorthair-longhair\\\/nos-adultes\\\/\",\"url\":\"https:\\\/\\\/www.elevagedudomainedaghan.com\\\/nos-british-shorthair-longhair\\\/nos-adultes\\\/\",\"name\":\"Nos adultes British Shorthair et Longhair - Domaine d'Aghan\",\"isPartOf\":{\"@id\":\"https:\\\/\\\/www.elevagedudomainedaghan.com\\\/#website\"},\"primaryImageOfPage\":{\"@id\":\"https:\\\/\\\/www.elevagedudomainedaghan.com\\\/nos-british-shorthair-longhair\\\/nos-adultes\\\/#primaryimage\"},\"image\":{\"@id\":\"https:\\\/\\\/www.elevagedudomainedaghan.com\\\/nos-british-shorthair-longhair\\\/nos-adultes\\\/#primaryimage\"},\"thumbnailUrl\":\"https:\\\/\\\/elevagedudomainedaghan.com\\\/wp-content\\\/uploads\\\/2021\\\/03\\\/Rose-Rond.png\",\"datePublished\":\"2021-04-08T18:38:42+00:00\",\"dateModified\":\"2025-05-23T09:32:54+00:00\",\"description\":\"D\u00e9couvrez notre famille de British Loof shorthair et longhair, aux robes chaudes (golden et colorpoint) et aux yeux verts ou bleus.\",\"breadcrumb\":{\"@id\":\"https:\\\/\\\/www.elevagedudomainedaghan.com\\\/nos-british-shorthair-longhair\\\/nos-adultes\\\/#breadcrumb\"},\"inLanguage\":\"en-US\",\"potentialAction\":[{\"@type\":\"ReadAction\",\"target\":[\"https:\\\/\\\/www.elevagedudomainedaghan.com\\\/nos-british-shorthair-longhair\\\/nos-adultes\\\/\"]}]},{\"@type\":\"ImageObject\",\"inLanguage\":\"en-US\",\"@id\":\"https:\\\/\\\/www.elevagedudomainedaghan.com\\\/nos-british-shorthair-longhair\\\/nos-adultes\\\/#primaryimage\",\"url\":\"https:\\\/\\\/elevagedudomainedaghan.com\\\/wp-content\\\/uploads\\\/2021\\\/03\\\/Rose-Rond.png\",\"contentUrl\":\"https:\\\/\\\/elevagedudomainedaghan.com\\\/wp-content\\\/uploads\\\/2021\\\/03\\\/Rose-Rond.png\"},{\"@type\":\"BreadcrumbList\",\"@id\":\"https:\\\/\\\/www.elevagedudomainedaghan.com\\\/nos-british-shorthair-longhair\\\/nos-adultes\\\/#breadcrumb\",\"itemListElement\":[{\"@type\":\"ListItem\",\"position\":1,\"name\":\"Accueil\",\"item\":\"https:\\\/\\\/www.elevagedudomainedaghan.com\\\/\"},{\"@type\":\"ListItem\",\"position\":2,\"name\":\"Nos British\",\"item\":\"https:\\\/\\\/www.elevagedudomainedaghan.com\\\/nos-british-shorthair-longhair\\\/\"},{\"@type\":\"ListItem\",\"position\":3,\"name\":\"Nos adultes\"}]},{\"@type\":\"WebSite\",\"@id\":\"https:\\\/\\\/www.elevagedudomainedaghan.com\\\/#website\",\"url\":\"https:\\\/\\\/www.elevagedudomainedaghan.com\\\/\",\"name\":\"\u00c9levage familial de British et de chevaux de sport de couleur\",\"description\":\"Bienvenue au Domaine d\u2019Aghan, nous avons la chance de vivre notre passion avec nos British et nos chevaux. Le bien-\u00eatre animal est notre priorit\u00e9 au quotidien.\",\"publisher\":{\"@id\":\"https:\\\/\\\/www.elevagedudomainedaghan.com\\\/#organization\"},\"potentialAction\":[{\"@type\":\"SearchAction\",\"target\":{\"@type\":\"EntryPoint\",\"urlTemplate\":\"https:\\\/\\\/www.elevagedudomainedaghan.com\\\/?s={search_term_string}\"},\"query-input\":{\"@type\":\"PropertyValueSpecification\",\"valueRequired\":true,\"valueName\":\"search_term_string\"}}],\"inLanguage\":\"en-US\"},{\"@type\":\"Organization\",\"@id\":\"https:\\\/\\\/www.elevagedudomainedaghan.com\\\/#organization\",\"name\":\"Le Domaine d'Aghan\",\"url\":\"https:\\\/\\\/www.elevagedudomainedaghan.com\\\/\",\"logo\":{\"@type\":\"ImageObject\",\"inLanguage\":\"en-US\",\"@id\":\"https:\\\/\\\/www.elevagedudomainedaghan.com\\\/#\\\/schema\\\/logo\\\/image\\\/\",\"url\":\"http:\\\/\\\/elevagedudomainedaghan.com\\\/wp-content\\\/uploads\\\/2021\\\/03\\\/favicon.png\",\"contentUrl\":\"http:\\\/\\\/elevagedudomainedaghan.com\\\/wp-content\\\/uploads\\\/2021\\\/03\\\/favicon.png\",\"width\":256,\"height\":256,\"caption\":\"Le Domaine d'Aghan\"},\"image\":{\"@id\":\"https:\\\/\\\/www.elevagedudomainedaghan.com\\\/#\\\/schema\\\/logo\\\/image\\\/\"},\"sameAs\":[\"https:\\\/\\\/www.facebook.com\\\/LeDomainedAghan\\\/\",\"https:\\\/\\\/www.instagram.com\\\/ledomainedaghan\\\/\",\"https:\\\/\\\/www.youtube.com\\\/channel\\\/UCot5F-8J1Xed51Gs1X3K68w\"]}]}<\/script>\n<!-- \/ Yoast SEO plugin. -->","yoast_head_json":{"title":"Our British Shorthair and Longhair adults - Domaine d'Aghan","description":"Discover our family of British Loof shorthair and longhair, with warm coats (golden and colorpoint) and green or blue eyes.","robots":{"index":"index","follow":"follow","max-snippet":"max-snippet:-1","max-image-preview":"max-image-preview:large","max-video-preview":"max-video-preview:-1"},"canonical":"https:\/\/www.elevagedudomainedaghan.com\/en\/breeder-british-cats-shorthair-longhair\/our-adults\/","og_locale":"en_US","og_type":"article","og_title":"Nos adultes British Shorthair et Longhair - Domaine d'Aghan","og_description":"D\u00e9couvrez notre famille de British Loof shorthair et longhair, aux robes chaudes (golden et colorpoint) et aux yeux verts ou bleus.","og_url":"https:\/\/www.elevagedudomainedaghan.com\/en\/breeder-british-cats-shorthair-longhair\/our-adults\/","og_site_name":"\u00c9levage familial de British et de chevaux de sport de couleur","article_publisher":"https:\/\/www.facebook.com\/LeDomainedAghan\/","article_modified_time":"2025-05-23T09:32:54+00:00","og_image":[{"url":"https:\/\/elevagedudomainedaghan.com\/wp-content\/uploads\/2021\/03\/Rose-Rond.png","type":"","width":"","height":""}],"twitter_card":"summary_large_image","twitter_misc":{"Est. reading time":"1 minute"},"schema":{"@context":"https:\/\/schema.org","@graph":[{"@type":"WebPage","@id":"https:\/\/www.elevagedudomainedaghan.com\/nos-british-shorthair-longhair\/nos-adultes\/","url":"https:\/\/www.elevagedudomainedaghan.com\/nos-british-shorthair-longhair\/nos-adultes\/","name":"Our British Shorthair and Longhair adults - Domaine d'Aghan","isPartOf":{"@id":"https:\/\/www.elevagedudomainedaghan.com\/#website"},"primaryImageOfPage":{"@id":"https:\/\/www.elevagedudomainedaghan.com\/nos-british-shorthair-longhair\/nos-adultes\/#primaryimage"},"image":{"@id":"https:\/\/www.elevagedudomainedaghan.com\/nos-british-shorthair-longhair\/nos-adultes\/#primaryimage"},"thumbnailUrl":"https:\/\/elevagedudomainedaghan.com\/wp-content\/uploads\/2021\/03\/Rose-Rond.png","datePublished":"2021-04-08T18:38:42+00:00","dateModified":"2025-05-23T09:32:54+00:00","description":"Discover our family of British Loof shorthair and longhair, with warm coats (golden and colorpoint) and green or blue eyes.","breadcrumb":{"@id":"https:\/\/www.elevagedudomainedaghan.com\/nos-british-shorthair-longhair\/nos-adultes\/#breadcrumb"},"inLanguage":"en-US","potentialAction":[{"@type":"ReadAction","target":["https:\/\/www.elevagedudomainedaghan.com\/nos-british-shorthair-longhair\/nos-adultes\/"]}]},{"@type":"ImageObject","inLanguage":"en-US","@id":"https:\/\/www.elevagedudomainedaghan.com\/nos-british-shorthair-longhair\/nos-adultes\/#primaryimage","url":"https:\/\/elevagedudomainedaghan.com\/wp-content\/uploads\/2021\/03\/Rose-Rond.png","contentUrl":"https:\/\/elevagedudomainedaghan.com\/wp-content\/uploads\/2021\/03\/Rose-Rond.png"},{"@type":"BreadcrumbList","@id":"https:\/\/www.elevagedudomainedaghan.com\/nos-british-shorthair-longhair\/nos-adultes\/#breadcrumb","itemListElement":[{"@type":"ListItem","position":1,"name":"Accueil","item":"https:\/\/www.elevagedudomainedaghan.com\/"},{"@type":"ListItem","position":2,"name":"Nos British","item":"https:\/\/www.elevagedudomainedaghan.com\/nos-british-shorthair-longhair\/"},{"@type":"ListItem","position":3,"name":"Nos adultes"}]},{"@type":"WebSite","@id":"https:\/\/www.elevagedudomainedaghan.com\/#website","url":"https:\/\/www.elevagedudomainedaghan.com\/","name":"Stud farm of colored sport horses.","description":"Welcome to the Domaine d'Aghan, we are lucky enough to live our passion with our British and our horses. Animal welfare is our daily priority.","publisher":{"@id":"https:\/\/www.elevagedudomainedaghan.com\/#organization"},"potentialAction":[{"@type":"SearchAction","target":{"@type":"EntryPoint","urlTemplate":"https:\/\/www.elevagedudomainedaghan.com\/?s={search_term_string}"},"query-input":{"@type":"PropertyValueSpecification","valueRequired":true,"valueName":"search_term_string"}}],"inLanguage":"en-US"},{"@type":"Organization","@id":"https:\/\/www.elevagedudomainedaghan.com\/#organization","name":"Le Domaine d'Aghan","url":"https:\/\/www.elevagedudomainedaghan.com\/","logo":{"@type":"ImageObject","inLanguage":"en-US","@id":"https:\/\/www.elevagedudomainedaghan.com\/#\/schema\/logo\/image\/","url":"http:\/\/elevagedudomainedaghan.com\/wp-content\/uploads\/2021\/03\/favicon.png","contentUrl":"http:\/\/elevagedudomainedaghan.com\/wp-content\/uploads\/2021\/03\/favicon.png","width":256,"height":256,"caption":"Le Domaine d'Aghan"},"image":{"@id":"https:\/\/www.elevagedudomainedaghan.com\/#\/schema\/logo\/image\/"},"sameAs":["https:\/\/www.facebook.com\/LeDomainedAghan\/","https:\/\/www.instagram.com\/ledomainedaghan\/","https:\/\/www.youtube.com\/channel\/UCot5F-8J1Xed51Gs1X3K68w"]}]}},"_links":{"self":[{"href":"https:\/\/www.elevagedudomainedaghan.com\/en\/wp-json\/wp\/v2\/pages\/3713","targetHints":{"allow":["GET"]}}],"collection":[{"href":"https:\/\/www.elevagedudomainedaghan.com\/en\/wp-json\/wp\/v2\/pages"}],"about":[{"href":"https:\/\/www.elevagedudomainedaghan.com\/en\/wp-json\/wp\/v2\/types\/page"}],"author":[{"embeddable":true,"href":"https:\/\/www.elevagedudomainedaghan.com\/en\/wp-json\/wp\/v2\/users\/1"}],"replies":[{"embeddable":true,"href":"https:\/\/www.elevagedudomainedaghan.com\/en\/wp-json\/wp\/v2\/comments?post=3713"}],"version-history":[{"count":128,"href":"https:\/\/www.elevagedudomainedaghan.com\/en\/wp-json\/wp\/v2\/pages\/3713\/revisions"}],"predecessor-version":[{"id":34515,"href":"https:\/\/www.elevagedudomainedaghan.com\/en\/wp-json\/wp\/v2\/pages\/3713\/revisions\/34515"}],"up":[{"embeddable":true,"href":"https:\/\/www.elevagedudomainedaghan.com\/en\/wp-json\/wp\/v2\/pages\/187"}],"wp:attachment":[{"href":"https:\/\/www.elevagedudomainedaghan.com\/en\/wp-json\/wp\/v2\/media?parent=3713"}],"wp:term":[{"taxonomy":"folder","embeddable":true,"href":"https:\/\/www.elevagedudomainedaghan.com\/en\/wp-json\/wp\/v2\/folder?post=3713"}],"curies":[{"name":"wp","href":"https:\/\/api.w.org\/{rel}","templated":true}]}}