{"id":3892,"date":"2021-04-10T21:04:02","date_gmt":"2021-04-10T19:04:02","guid":{"rendered":"http:\/\/elevagedudomainedaghan.com\/?page_id=3892"},"modified":"2021-05-20T18:31:11","modified_gmt":"2021-05-20T16:31:11","slug":"le-blog-du-domaine-daghan","status":"publish","type":"page","link":"https:\/\/www.elevagedudomainedaghan.com\/en\/breeder-british-cats-shorthair-longhair\/le-blog-du-domaine-daghan\/","title":{"rendered":"The Domaine d\u2019Aghan Blog"},"content":{"rendered":"<div data-elementor-type=\"wp-page\" data-elementor-id=\"3892\" class=\"elementor elementor-3892\" data-elementor-post-type=\"page\">\n\t\t\t\t\t\t<section data-particle_enable=\"false\" data-particle-mobile-disabled=\"false\" class=\"elementor-section elementor-top-section elementor-element elementor-element-d89a454 elementor-section-boxed elementor-section-height-default elementor-section-height-default\" data-id=\"d89a454\" data-element_type=\"section\" data-e-type=\"section\" data-settings=\"{&quot;background_background&quot;:&quot;classic&quot;,&quot;shape_divider_top&quot;:&quot;opacity-fan&quot;}\">\n\t\t\t\t\t<div class=\"elementor-shape elementor-shape-top\" aria-hidden=\"true\" data-negative=\"false\">\n\t\t\t<svg xmlns=\"http:\/\/www.w3.org\/2000\/svg\" viewbox=\"0 0 283.5 19.6\" preserveaspectratio=\"none\">\n\t<path class=\"elementor-shape-fill\" style=\"opacity:0.33\" d=\"M0 0L0 18.8 141.8 4.1 283.5 18.8 283.5 0z\"\/>\n\t<path class=\"elementor-shape-fill\" style=\"opacity:0.33\" d=\"M0 0L0 12.6 141.8 4 283.5 12.6 283.5 0z\"\/>\n\t<path class=\"elementor-shape-fill\" style=\"opacity:0.33\" d=\"M0 0L0 6.4 141.8 4 283.5 6.4 283.5 0z\"\/>\n\t<path class=\"elementor-shape-fill\" d=\"M0 0L0 1.2 141.8 4 283.5 1.2 283.5 0z\"\/>\n<\/svg>\t\t<\/div>\n\t\t\t\t\t<div class=\"elementor-container elementor-column-gap-default\">\n\t\t\t\t\t<div class=\"elementor-column elementor-col-100 elementor-top-column elementor-element elementor-element-b5a4f58\" data-id=\"b5a4f58\" data-element_type=\"column\" data-e-type=\"column\">\n\t\t\t<div class=\"elementor-widget-wrap elementor-element-populated\">\n\t\t\t\t\t\t<div class=\"elementor-element elementor-element-cda5770 animated-slow elementor-widget elementor-widget-heading\" data-id=\"cda5770\" data-element_type=\"widget\" data-e-type=\"widget\" data-settings=\"{&quot;_animation&quot;:&quot;none&quot;,&quot;_animation_mobile&quot;:&quot;none&quot;}\" data-widget_type=\"heading.default\">\n\t\t\t\t<div class=\"elementor-widget-container\">\n\t\t\t\t\t<h1 class=\"elementor-heading-title elementor-size-default\">The Blog of the Domain<\/h1>\t\t\t\t<\/div>\n\t\t\t\t<\/div>\n\t\t\t\t<div class=\"elementor-element elementor-element-11ee81e elementor-widget elementor-widget-text-editor\" data-id=\"11ee81e\" data-element_type=\"widget\" data-e-type=\"widget\" data-widget_type=\"text-editor.default\">\n\t\t\t\t<div class=\"elementor-widget-container\">\n\t\t\t\t\t\t\t\t\t<p>I will regularly post articles on subjects that are close to my heart and more technical articles about breeding and genetics. If you have different expectations, don't hesitate to submit ideas on which you want explanations.<\/p>\t\t\t\t\t\t\t\t<\/div>\n\t\t\t\t<\/div>\n\t\t\t\t\t<\/div>\n\t\t<\/div>\n\t\t\t\t\t<\/div>\n\t\t<\/section>\n\t\t\t\t<section data-particle_enable=\"false\" data-particle-mobile-disabled=\"false\" class=\"elementor-section elementor-top-section elementor-element elementor-element-d6b2bee elementor-section-content-middle elementor-section-boxed elementor-section-height-default elementor-section-height-default\" data-id=\"d6b2bee\" data-element_type=\"section\" data-e-type=\"section\" data-settings=\"{&quot;background_background&quot;:&quot;classic&quot;,&quot;shape_divider_top&quot;:&quot;opacity-fan&quot;}\">\n\t\t\t\t\t<div class=\"elementor-shape elementor-shape-top\" aria-hidden=\"true\" data-negative=\"false\">\n\t\t\t<svg xmlns=\"http:\/\/www.w3.org\/2000\/svg\" viewbox=\"0 0 283.5 19.6\" preserveaspectratio=\"none\">\n\t<path class=\"elementor-shape-fill\" style=\"opacity:0.33\" d=\"M0 0L0 18.8 141.8 4.1 283.5 18.8 283.5 0z\"\/>\n\t<path class=\"elementor-shape-fill\" style=\"opacity:0.33\" d=\"M0 0L0 12.6 141.8 4 283.5 12.6 283.5 0z\"\/>\n\t<path class=\"elementor-shape-fill\" style=\"opacity:0.33\" d=\"M0 0L0 6.4 141.8 4 283.5 6.4 283.5 0z\"\/>\n\t<path class=\"elementor-shape-fill\" d=\"M0 0L0 1.2 141.8 4 283.5 1.2 283.5 0z\"\/>\n<\/svg>\t\t<\/div>\n\t\t\t\t\t<div class=\"elementor-container elementor-column-gap-no\">\n\t\t\t\t\t<div class=\"elementor-column elementor-col-100 elementor-top-column elementor-element elementor-element-3b8e062\" data-id=\"3b8e062\" data-element_type=\"column\" data-e-type=\"column\">\n\t\t\t<div class=\"elementor-widget-wrap elementor-element-populated\">\n\t\t\t\t\t\t<div class=\"elementor-element elementor-element-432b27f elementor-posts--align-left elementor-grid-3 elementor-grid-tablet-2 elementor-grid-mobile-1 elementor-posts--thumbnail-top elementor-card-shadow-yes elementor-posts__hover-gradient elementor-widget elementor-widget-posts\" data-id=\"432b27f\" data-element_type=\"widget\" data-e-type=\"widget\" data-settings=\"{&quot;cards_row_gap&quot;:{&quot;unit&quot;:&quot;px&quot;,&quot;size&quot;:22,&quot;sizes&quot;:[]},&quot;cards_columns&quot;:&quot;3&quot;,&quot;cards_columns_tablet&quot;:&quot;2&quot;,&quot;cards_columns_mobile&quot;:&quot;1&quot;,&quot;cards_row_gap_tablet&quot;:{&quot;unit&quot;:&quot;px&quot;,&quot;size&quot;:&quot;&quot;,&quot;sizes&quot;:[]},&quot;cards_row_gap_mobile&quot;:{&quot;unit&quot;:&quot;px&quot;,&quot;size&quot;:&quot;&quot;,&quot;sizes&quot;:[]}}\" data-widget_type=\"posts.cards\">\n\t\t\t\t<div class=\"elementor-widget-container\">\n\t\t\t\t\t\t\t<div class=\"elementor-posts-container elementor-posts elementor-posts--skin-cards elementor-grid\" role=\"list\">\n\t\t\t\t<article class=\"elementor-post elementor-grid-item post-9701 post type-post status-publish format-standard has-post-thumbnail hentry category-chatterie\" role=\"listitem\">\n\t\t\t<div class=\"elementor-post__card\">\n\t\t\t\t<a class=\"elementor-post__thumbnail__link\" href=\"https:\/\/www.elevagedudomainedaghan.com\/en\/the-magic-of-british-in-video\/\" tabindex=\"-1\" ><div class=\"elementor-post__thumbnail\"><img fetchpriority=\"high\" decoding=\"async\" width=\"768\" height=\"500\" src=\"https:\/\/www.elevagedudomainedaghan.com\/wp-content\/uploads\/2021\/07\/Chaton-Romy-768x500.jpg\" class=\"attachment-medium_large size-medium_large wp-image-9703\" alt=\"A kitten from Romy and Robin\" srcset=\"https:\/\/www.elevagedudomainedaghan.com\/wp-content\/uploads\/2021\/07\/Chaton-Romy-768x500.jpg 768w, https:\/\/www.elevagedudomainedaghan.com\/wp-content\/uploads\/2021\/07\/Chaton-Romy-300x195.jpg 300w, https:\/\/www.elevagedudomainedaghan.com\/wp-content\/uploads\/2021\/07\/Chaton-Romy-1024x666.jpg 1024w, https:\/\/www.elevagedudomainedaghan.com\/wp-content\/uploads\/2021\/07\/Chaton-Romy-1536x999.jpg 1536w, https:\/\/www.elevagedudomainedaghan.com\/wp-content\/uploads\/2021\/07\/Chaton-Romy.jpg 1600w\" sizes=\"(max-width: 768px) 100vw, 768px\" \/><\/div><\/a>\n\t\t\t\t<div class=\"elementor-post__text\">\n\t\t\t\t<h2 class=\"elementor-post__title\">\n\t\t\t<a href=\"https:\/\/www.elevagedudomainedaghan.com\/en\/the-magic-of-british-in-video\/\" >\n\t\t\t\tWhen life offers us a little magic...\t\t\t<\/a>\n\t\t<\/h2>\n\t\t\t\t<div class=\"elementor-post__excerpt\">\n\t\t\t<p>Breeding gives us the chance to live incredible experiences, out of time and completely overwhelming. The one I just lived is one of them.<\/p>\n\t\t<\/div>\n\t\t\n\t\t<a class=\"elementor-post__read-more\" href=\"https:\/\/www.elevagedudomainedaghan.com\/en\/the-magic-of-british-in-video\/\" aria-label=\"Read more about When life offers us a little magic...\" tabindex=\"-1\" >\n\t\t\tRead more \"\t\t<\/a>\n\n\t\t\t\t<\/div>\n\t\t\t\t<div class=\"elementor-post__meta-data\">\n\t\t\t\t\t<span class=\"elementor-post-author\">\n\t\t\tAlexandra M\u00e9heust\t\t<\/span>\n\t\t\t\t<span class=\"elementor-post-date\">\n\t\t\t20 July 2021\t\t<\/span>\n\t\t\t\t<span class=\"elementor-post-avatar\">\n\t\t\t308 Comments\t\t<\/span>\n\t\t\t\t<\/div>\n\t\t\t\t\t<\/div>\n\t\t<\/article>\n\t\t\t\t<article class=\"elementor-post elementor-grid-item post-9680 post type-post status-publish format-standard has-post-thumbnail hentry category-chatterie\" role=\"listitem\">\n\t\t\t<div class=\"elementor-post__card\">\n\t\t\t\t<a class=\"elementor-post__thumbnail__link\" href=\"https:\/\/www.elevagedudomainedaghan.com\/en\/how-to-prepare-the-cats-arrival\/\" tabindex=\"-1\" ><div class=\"elementor-post__thumbnail\"><img decoding=\"async\" width=\"768\" height=\"559\" src=\"https:\/\/www.elevagedudomainedaghan.com\/wp-content\/uploads\/2021\/07\/Snow-bulle-768x559.jpg\" class=\"attachment-medium_large size-medium_large wp-image-9693\" alt=\"Snow, the baby of Pearl and Robin\" srcset=\"https:\/\/www.elevagedudomainedaghan.com\/wp-content\/uploads\/2021\/07\/Snow-bulle-768x559.jpg 768w, https:\/\/www.elevagedudomainedaghan.com\/wp-content\/uploads\/2021\/07\/Snow-bulle-300x218.jpg 300w, https:\/\/www.elevagedudomainedaghan.com\/wp-content\/uploads\/2021\/07\/Snow-bulle-1024x745.jpg 1024w, https:\/\/www.elevagedudomainedaghan.com\/wp-content\/uploads\/2021\/07\/Snow-bulle.jpg 1500w\" sizes=\"(max-width: 768px) 100vw, 768px\" \/><\/div><\/a>\n\t\t\t\t<div class=\"elementor-post__text\">\n\t\t\t\t<h2 class=\"elementor-post__title\">\n\t\t\t<a href=\"https:\/\/www.elevagedudomainedaghan.com\/en\/how-to-prepare-the-cats-arrival\/\" >\n\t\t\t\tHow to prepare for your kitten's arrival: what you need to know\t\t\t<\/a>\n\t\t<\/h2>\n\t\t\t\t<div class=\"elementor-post__excerpt\">\n\t\t\t<p>To welcome your kitten, we take stock of the essentials: cat trees, scratching posts, litter boxes... and the good habits to have.<\/p>\n\t\t<\/div>\n\t\t\n\t\t<a class=\"elementor-post__read-more\" href=\"https:\/\/www.elevagedudomainedaghan.com\/en\/how-to-prepare-the-cats-arrival\/\" aria-label=\"Read more about How to prepare for your kitten&#039;s arrival: what you need to know\" tabindex=\"-1\" >\n\t\t\tRead more \"\t\t<\/a>\n\n\t\t\t\t<\/div>\n\t\t\t\t<div class=\"elementor-post__meta-data\">\n\t\t\t\t\t<span class=\"elementor-post-author\">\n\t\t\tAlexandra M\u00e9heust\t\t<\/span>\n\t\t\t\t<span class=\"elementor-post-date\">\n\t\t\t19 July 2021\t\t<\/span>\n\t\t\t\t<span class=\"elementor-post-avatar\">\n\t\t\t51 Comments\t\t<\/span>\n\t\t\t\t<\/div>\n\t\t\t\t\t<\/div>\n\t\t<\/article>\n\t\t\t\t<article class=\"elementor-post elementor-grid-item post-4807 post type-post status-publish format-standard has-post-thumbnail hentry category-chatterie\" role=\"listitem\">\n\t\t\t<div class=\"elementor-post__card\">\n\t\t\t\t<a class=\"elementor-post__thumbnail__link\" href=\"https:\/\/www.elevagedudomainedaghan.com\/en\/lelevage-felin-quel-beau-metier\/\" tabindex=\"-1\" ><div class=\"elementor-post__thumbnail\"><img decoding=\"async\" width=\"768\" height=\"496\" src=\"https:\/\/www.elevagedudomainedaghan.com\/wp-content\/uploads\/2021\/04\/Nala-1-768x496.jpg\" class=\"attachment-medium_large size-medium_large wp-image-4823\" alt=\"Nala and Rivage, British shorthair\" srcset=\"https:\/\/www.elevagedudomainedaghan.com\/wp-content\/uploads\/2021\/04\/Nala-1-768x496.jpg 768w, https:\/\/www.elevagedudomainedaghan.com\/wp-content\/uploads\/2021\/04\/Nala-1-300x194.jpg 300w, https:\/\/www.elevagedudomainedaghan.com\/wp-content\/uploads\/2021\/04\/Nala-1-1024x661.jpg 1024w, https:\/\/www.elevagedudomainedaghan.com\/wp-content\/uploads\/2021\/04\/Nala-1-1536x992.jpg 1536w, https:\/\/www.elevagedudomainedaghan.com\/wp-content\/uploads\/2021\/04\/Nala-1.jpg 1600w\" sizes=\"(max-width: 768px) 100vw, 768px\" \/><\/div><\/a>\n\t\t\t\t<div class=\"elementor-post__text\">\n\t\t\t\t<h2 class=\"elementor-post__title\">\n\t\t\t<a href=\"https:\/\/www.elevagedudomainedaghan.com\/en\/lelevage-felin-quel-beau-metier\/\" >\n\t\t\t\tCat breeding, what a great job! Yes, but not only...\t\t\t<\/a>\n\t\t<\/h2>\n\t\t\t\t<div class=\"elementor-post__excerpt\">\n\t\t\t<p>Breeding is not an easy job, life and death are sometimes linked, you have to be ready to bear it.<\/p>\n\t\t<\/div>\n\t\t\n\t\t<a class=\"elementor-post__read-more\" href=\"https:\/\/www.elevagedudomainedaghan.com\/en\/lelevage-felin-quel-beau-metier\/\" aria-label=\"Read more about Cat breeding, what a great job! Yes, but not only...\" tabindex=\"-1\" >\n\t\t\tRead more \"\t\t<\/a>\n\n\t\t\t\t<\/div>\n\t\t\t\t<div class=\"elementor-post__meta-data\">\n\t\t\t\t\t<span class=\"elementor-post-author\">\n\t\t\tAlexandra M\u00e9heust\t\t<\/span>\n\t\t\t\t<span class=\"elementor-post-date\">\n\t\t\t22 April 2021\t\t<\/span>\n\t\t\t\t<span class=\"elementor-post-avatar\">\n\t\t\t73 Comments\t\t<\/span>\n\t\t\t\t<\/div>\n\t\t\t\t\t<\/div>\n\t\t<\/article>\n\t\t\t\t<article class=\"elementor-post elementor-grid-item post-3867 post type-post status-publish format-standard has-post-thumbnail hentry category-chatterie\" role=\"listitem\">\n\t\t\t<div class=\"elementor-post__card\">\n\t\t\t\t<a class=\"elementor-post__thumbnail__link\" href=\"https:\/\/www.elevagedudomainedaghan.com\/en\/another-vision-of-breeding-priority-animal-welfare\/\" tabindex=\"-1\" ><div class=\"elementor-post__thumbnail\"><img loading=\"lazy\" decoding=\"async\" width=\"768\" height=\"576\" src=\"https:\/\/www.elevagedudomainedaghan.com\/wp-content\/uploads\/2021\/04\/moka-rmione-1-768x576.jpg\" class=\"attachment-medium_large size-medium_large wp-image-3885\" alt=\"R&#039;mione and Moka outside in front of the pond - British shorthair and longhair\" srcset=\"https:\/\/www.elevagedudomainedaghan.com\/wp-content\/uploads\/2021\/04\/moka-rmione-1-768x576.jpg 768w, https:\/\/www.elevagedudomainedaghan.com\/wp-content\/uploads\/2021\/04\/moka-rmione-1-300x225.jpg 300w, https:\/\/www.elevagedudomainedaghan.com\/wp-content\/uploads\/2021\/04\/moka-rmione-1-1024x768.jpg 1024w, https:\/\/www.elevagedudomainedaghan.com\/wp-content\/uploads\/2021\/04\/moka-rmione-1.jpg 1500w\" sizes=\"(max-width: 768px) 100vw, 768px\" \/><\/div><\/a>\n\t\t\t\t<div class=\"elementor-post__text\">\n\t\t\t\t<h2 class=\"elementor-post__title\">\n\t\t\t<a href=\"https:\/\/www.elevagedudomainedaghan.com\/en\/another-vision-of-breeding-priority-animal-welfare\/\" >\n\t\t\t\tAnother vision of breeding, priority to animal welfare!\t\t\t<\/a>\n\t\t<\/h2>\n\t\t\t\t<div class=\"elementor-post__excerpt\">\n\t\t\t<p>Why and how did I create this farm where animal welfare takes precedence over everything else? It is possible to be a breeder and to love your animals.<\/p>\n\t\t<\/div>\n\t\t\n\t\t<a class=\"elementor-post__read-more\" href=\"https:\/\/www.elevagedudomainedaghan.com\/en\/another-vision-of-breeding-priority-animal-welfare\/\" aria-label=\"Read more about Another vision of breeding, priority to animal welfare!\" tabindex=\"-1\" >\n\t\t\tRead more \"\t\t<\/a>\n\n\t\t\t\t<\/div>\n\t\t\t\t<div class=\"elementor-post__meta-data\">\n\t\t\t\t\t<span class=\"elementor-post-author\">\n\t\t\tAlexandra M\u00e9heust\t\t<\/span>\n\t\t\t\t<span class=\"elementor-post-date\">\n\t\t\t10 April 2021\t\t<\/span>\n\t\t\t\t<span class=\"elementor-post-avatar\">\n\t\t\t67 Comments\t\t<\/span>\n\t\t\t\t<\/div>\n\t\t\t\t\t<\/div>\n\t\t<\/article>\n\t\t\t\t<\/div>\n\t\t\n\t\t\t\t\t\t<\/div>\n\t\t\t\t<\/div>\n\t\t\t\t\t<\/div>\n\t\t<\/div>\n\t\t\t\t\t<\/div>\n\t\t<\/section>\n\t\t\t\t<\/div>","protected":false},"excerpt":{"rendered":"<p>The Blog of the Domain I will regularly put online articles on subjects that are close to my heart and articles a little more technical concerning breeding and genetics. If you have different expectations, don't hesitate to submit ideas on which you want explanations.<\/p>","protected":false},"author":1,"featured_media":0,"parent":187,"menu_order":0,"comment_status":"closed","ping_status":"closed","template":"elementor_header_footer","meta":{"footnotes":""},"folder":[],"class_list":["post-3892","page","type-page","status-publish","hentry"],"yoast_head":"<!-- This site is optimized with the Yoast SEO plugin v27.6 - https:\/\/yoast.com\/product\/yoast-seo-wordpress\/ -->\n<title>Le Blog du Domaine d&#039;Aghan<\/title>\n<meta name=\"description\" content=\"Le blog de l&#039;\u00e9levage, actualit\u00e9, articles engag\u00e9s, techniques et conseils pour vos f\u00e9lins.\" \/>\n<meta name=\"robots\" content=\"index, follow, max-snippet:-1, max-image-preview:large, max-video-preview:-1\" \/>\n<link rel=\"canonical\" href=\"https:\/\/www.elevagedudomainedaghan.com\/en\/breeder-british-cats-shorthair-longhair\/le-blog-du-domaine-daghan\/\" \/>\n<meta property=\"og:locale\" content=\"en_US\" \/>\n<meta property=\"og:type\" content=\"article\" \/>\n<meta property=\"og:title\" content=\"Le Blog du Domaine d&#039;Aghan\" \/>\n<meta property=\"og:description\" content=\"Le blog de l&#039;\u00e9levage, actualit\u00e9, articles engag\u00e9s, techniques et conseils pour vos f\u00e9lins.\" \/>\n<meta property=\"og:url\" content=\"https:\/\/www.elevagedudomainedaghan.com\/en\/breeder-british-cats-shorthair-longhair\/le-blog-du-domaine-daghan\/\" \/>\n<meta property=\"og:site_name\" content=\"\u00c9levage familial de British et de chevaux de sport de couleur\" \/>\n<meta property=\"article:publisher\" content=\"https:\/\/www.facebook.com\/LeDomainedAghan\/\" \/>\n<meta property=\"article:modified_time\" content=\"2021-05-20T16:31:11+00:00\" \/>\n<meta name=\"twitter:card\" content=\"summary_large_image\" \/>\n<meta name=\"twitter:label1\" content=\"Est. reading time\" \/>\n\t<meta name=\"twitter:data1\" content=\"1 minute\" \/>\n<script type=\"application\/ld+json\" class=\"yoast-schema-graph\">{\"@context\":\"https:\\\/\\\/schema.org\",\"@graph\":[{\"@type\":\"WebPage\",\"@id\":\"https:\\\/\\\/www.elevagedudomainedaghan.com\\\/en\\\/breeder-british-cats-shorthair-longhair\\\/le-blog-du-domaine-daghan\\\/\",\"url\":\"https:\\\/\\\/www.elevagedudomainedaghan.com\\\/en\\\/breeder-british-cats-shorthair-longhair\\\/le-blog-du-domaine-daghan\\\/\",\"name\":\"Le Blog du Domaine d'Aghan\",\"isPartOf\":{\"@id\":\"https:\\\/\\\/www.elevagedudomainedaghan.com\\\/#website\"},\"datePublished\":\"2021-04-10T19:04:02+00:00\",\"dateModified\":\"2021-05-20T16:31:11+00:00\",\"description\":\"Le blog de l'\u00e9levage, actualit\u00e9, articles engag\u00e9s, techniques et conseils pour vos f\u00e9lins.\",\"breadcrumb\":{\"@id\":\"https:\\\/\\\/www.elevagedudomainedaghan.com\\\/en\\\/breeder-british-cats-shorthair-longhair\\\/le-blog-du-domaine-daghan\\\/#breadcrumb\"},\"inLanguage\":\"en-US\",\"potentialAction\":[{\"@type\":\"ReadAction\",\"target\":[\"https:\\\/\\\/www.elevagedudomainedaghan.com\\\/en\\\/breeder-british-cats-shorthair-longhair\\\/le-blog-du-domaine-daghan\\\/\"]}]},{\"@type\":\"BreadcrumbList\",\"@id\":\"https:\\\/\\\/www.elevagedudomainedaghan.com\\\/en\\\/breeder-british-cats-shorthair-longhair\\\/le-blog-du-domaine-daghan\\\/#breadcrumb\",\"itemListElement\":[{\"@type\":\"ListItem\",\"position\":1,\"name\":\"Accueil\",\"item\":\"https:\\\/\\\/www.elevagedudomainedaghan.com\\\/\"},{\"@type\":\"ListItem\",\"position\":2,\"name\":\"Nos British\",\"item\":\"https:\\\/\\\/www.elevagedudomainedaghan.com\\\/nos-british-shorthair-longhair\\\/\"},{\"@type\":\"ListItem\",\"position\":3,\"name\":\"Le Blog du Domaine d&rsquo;Aghan\"}]},{\"@type\":\"WebSite\",\"@id\":\"https:\\\/\\\/www.elevagedudomainedaghan.com\\\/#website\",\"url\":\"https:\\\/\\\/www.elevagedudomainedaghan.com\\\/\",\"name\":\"\u00c9levage familial de British et de chevaux de sport de couleur\",\"description\":\"Bienvenue au Domaine d\u2019Aghan, nous avons la chance de vivre notre passion avec nos British et nos chevaux. Le bien-\u00eatre animal est notre priorit\u00e9 au quotidien.\",\"publisher\":{\"@id\":\"https:\\\/\\\/www.elevagedudomainedaghan.com\\\/#organization\"},\"potentialAction\":[{\"@type\":\"SearchAction\",\"target\":{\"@type\":\"EntryPoint\",\"urlTemplate\":\"https:\\\/\\\/www.elevagedudomainedaghan.com\\\/?s={search_term_string}\"},\"query-input\":{\"@type\":\"PropertyValueSpecification\",\"valueRequired\":true,\"valueName\":\"search_term_string\"}}],\"inLanguage\":\"en-US\"},{\"@type\":\"Organization\",\"@id\":\"https:\\\/\\\/www.elevagedudomainedaghan.com\\\/#organization\",\"name\":\"Le Domaine d'Aghan\",\"url\":\"https:\\\/\\\/www.elevagedudomainedaghan.com\\\/\",\"logo\":{\"@type\":\"ImageObject\",\"inLanguage\":\"en-US\",\"@id\":\"https:\\\/\\\/www.elevagedudomainedaghan.com\\\/#\\\/schema\\\/logo\\\/image\\\/\",\"url\":\"http:\\\/\\\/elevagedudomainedaghan.com\\\/wp-content\\\/uploads\\\/2021\\\/03\\\/favicon.png\",\"contentUrl\":\"http:\\\/\\\/elevagedudomainedaghan.com\\\/wp-content\\\/uploads\\\/2021\\\/03\\\/favicon.png\",\"width\":256,\"height\":256,\"caption\":\"Le Domaine d'Aghan\"},\"image\":{\"@id\":\"https:\\\/\\\/www.elevagedudomainedaghan.com\\\/#\\\/schema\\\/logo\\\/image\\\/\"},\"sameAs\":[\"https:\\\/\\\/www.facebook.com\\\/LeDomainedAghan\\\/\",\"https:\\\/\\\/www.instagram.com\\\/ledomainedaghan\\\/\",\"https:\\\/\\\/www.youtube.com\\\/channel\\\/UCot5F-8J1Xed51Gs1X3K68w\"]}]}<\/script>\n<!-- \/ Yoast SEO plugin. -->","yoast_head_json":{"title":"The Blog of the Domain d'Aghan","description":"The breeding blog, news, committed articles, techniques and advice for your felines.","robots":{"index":"index","follow":"follow","max-snippet":"max-snippet:-1","max-image-preview":"max-image-preview:large","max-video-preview":"max-video-preview:-1"},"canonical":"https:\/\/www.elevagedudomainedaghan.com\/en\/breeder-british-cats-shorthair-longhair\/le-blog-du-domaine-daghan\/","og_locale":"en_US","og_type":"article","og_title":"Le Blog du Domaine d'Aghan","og_description":"Le blog de l'\u00e9levage, actualit\u00e9, articles engag\u00e9s, techniques et conseils pour vos f\u00e9lins.","og_url":"https:\/\/www.elevagedudomainedaghan.com\/en\/breeder-british-cats-shorthair-longhair\/le-blog-du-domaine-daghan\/","og_site_name":"\u00c9levage familial de British et de chevaux de sport de couleur","article_publisher":"https:\/\/www.facebook.com\/LeDomainedAghan\/","article_modified_time":"2021-05-20T16:31:11+00:00","twitter_card":"summary_large_image","twitter_misc":{"Est. reading time":"1 minute"},"schema":{"@context":"https:\/\/schema.org","@graph":[{"@type":"WebPage","@id":"https:\/\/www.elevagedudomainedaghan.com\/en\/breeder-british-cats-shorthair-longhair\/le-blog-du-domaine-daghan\/","url":"https:\/\/www.elevagedudomainedaghan.com\/en\/breeder-british-cats-shorthair-longhair\/le-blog-du-domaine-daghan\/","name":"The Blog of the Domain d'Aghan","isPartOf":{"@id":"https:\/\/www.elevagedudomainedaghan.com\/#website"},"datePublished":"2021-04-10T19:04:02+00:00","dateModified":"2021-05-20T16:31:11+00:00","description":"The breeding blog, news, committed articles, techniques and advice for your felines.","breadcrumb":{"@id":"https:\/\/www.elevagedudomainedaghan.com\/en\/breeder-british-cats-shorthair-longhair\/le-blog-du-domaine-daghan\/#breadcrumb"},"inLanguage":"en-US","potentialAction":[{"@type":"ReadAction","target":["https:\/\/www.elevagedudomainedaghan.com\/en\/breeder-british-cats-shorthair-longhair\/le-blog-du-domaine-daghan\/"]}]},{"@type":"BreadcrumbList","@id":"https:\/\/www.elevagedudomainedaghan.com\/en\/breeder-british-cats-shorthair-longhair\/le-blog-du-domaine-daghan\/#breadcrumb","itemListElement":[{"@type":"ListItem","position":1,"name":"Accueil","item":"https:\/\/www.elevagedudomainedaghan.com\/"},{"@type":"ListItem","position":2,"name":"Nos British","item":"https:\/\/www.elevagedudomainedaghan.com\/nos-british-shorthair-longhair\/"},{"@type":"ListItem","position":3,"name":"Le Blog du Domaine d&rsquo;Aghan"}]},{"@type":"WebSite","@id":"https:\/\/www.elevagedudomainedaghan.com\/#website","url":"https:\/\/www.elevagedudomainedaghan.com\/","name":"Stud farm of colored sport horses.","description":"Welcome to the Domaine d'Aghan, we are lucky enough to live our passion with our British and our horses. Animal welfare is our daily priority.","publisher":{"@id":"https:\/\/www.elevagedudomainedaghan.com\/#organization"},"potentialAction":[{"@type":"SearchAction","target":{"@type":"EntryPoint","urlTemplate":"https:\/\/www.elevagedudomainedaghan.com\/?s={search_term_string}"},"query-input":{"@type":"PropertyValueSpecification","valueRequired":true,"valueName":"search_term_string"}}],"inLanguage":"en-US"},{"@type":"Organization","@id":"https:\/\/www.elevagedudomainedaghan.com\/#organization","name":"Le Domaine d'Aghan","url":"https:\/\/www.elevagedudomainedaghan.com\/","logo":{"@type":"ImageObject","inLanguage":"en-US","@id":"https:\/\/www.elevagedudomainedaghan.com\/#\/schema\/logo\/image\/","url":"http:\/\/elevagedudomainedaghan.com\/wp-content\/uploads\/2021\/03\/favicon.png","contentUrl":"http:\/\/elevagedudomainedaghan.com\/wp-content\/uploads\/2021\/03\/favicon.png","width":256,"height":256,"caption":"Le Domaine d'Aghan"},"image":{"@id":"https:\/\/www.elevagedudomainedaghan.com\/#\/schema\/logo\/image\/"},"sameAs":["https:\/\/www.facebook.com\/LeDomainedAghan\/","https:\/\/www.instagram.com\/ledomainedaghan\/","https:\/\/www.youtube.com\/channel\/UCot5F-8J1Xed51Gs1X3K68w"]}]}},"_links":{"self":[{"href":"https:\/\/www.elevagedudomainedaghan.com\/en\/wp-json\/wp\/v2\/pages\/3892","targetHints":{"allow":["GET"]}}],"collection":[{"href":"https:\/\/www.elevagedudomainedaghan.com\/en\/wp-json\/wp\/v2\/pages"}],"about":[{"href":"https:\/\/www.elevagedudomainedaghan.com\/en\/wp-json\/wp\/v2\/types\/page"}],"author":[{"embeddable":true,"href":"https:\/\/www.elevagedudomainedaghan.com\/en\/wp-json\/wp\/v2\/users\/1"}],"replies":[{"embeddable":true,"href":"https:\/\/www.elevagedudomainedaghan.com\/en\/wp-json\/wp\/v2\/comments?post=3892"}],"version-history":[{"count":31,"href":"https:\/\/www.elevagedudomainedaghan.com\/en\/wp-json\/wp\/v2\/pages\/3892\/revisions"}],"predecessor-version":[{"id":6375,"href":"https:\/\/www.elevagedudomainedaghan.com\/en\/wp-json\/wp\/v2\/pages\/3892\/revisions\/6375"}],"up":[{"embeddable":true,"href":"https:\/\/www.elevagedudomainedaghan.com\/en\/wp-json\/wp\/v2\/pages\/187"}],"wp:attachment":[{"href":"https:\/\/www.elevagedudomainedaghan.com\/en\/wp-json\/wp\/v2\/media?parent=3892"}],"wp:term":[{"taxonomy":"folder","embeddable":true,"href":"https:\/\/www.elevagedudomainedaghan.com\/en\/wp-json\/wp\/v2\/folder?post=3892"}],"curies":[{"name":"wp","href":"https:\/\/api.w.org\/{rel}","templated":true}]}}